{"id":198572,"date":"2022-11-23T12:07:55","date_gmt":"2022-11-23T15:07:55","guid":{"rendered":"https:\/\/www.livrariarema.com.br\/loja\/produtos\/sem%20categoria\/queda-de-gondolin-a-j-r-r-tolkien\/"},"modified":"2026-04-14T12:30:28","modified_gmt":"2026-04-14T15:30:28","slug":"queda-de-gondolin-a-j-r-r-tolkien","status":"publish","type":"product","link":"https:\/\/www.livrariarema.com.br\/loja\/produtos\/livros\/ficcao\/queda-de-gondolin-a-j-r-r-tolkien\/","title":{"rendered":"Queda De Gondolin, A &#8211; J. R. R. Tolkien"},"content":{"rendered":"<p>O \u00faltimo dos tr\u00eas Grandes Contos Perdidos do legend\u00e1rio de J.R.R.Tolkien narra a jornada de Tuor rumo \u00e0 cidade secreta de Gondolin, ref\u00fagio \u00e9lfico do povo do Rei Turgon. Contra a bela cidade, levanta-se Morgoth, o Inimigo Sombrio, com seu ex\u00e9rcito de seres mal\u00e9volos.<br \/>\nA hist\u00f3ria da Queda de Gondolin come\u00e7ou a ser escrita em 1916 e agora ganha vida gra\u00e7as ao trabalho editorial de Christopher Tolkien, filho e executor legal das obras de Tolkien. Dessa forma cumprem-se duas sinas: a dos Elfos noldorin na Primeira Era do mundo e a do autor, ao conseguir publicar individualmente os tr\u00eas Grandes Contos dos Dias Antigos<br \/>\nFechando a mitologia da Terra-m\u00e9dia, A Queda de Gondolin, assim como Beren e L\u00fathien e Os Filhos de H\u00farin, foi ricamente ilustrada pelo renomado artista brit\u00e2nico Alan Lee, que retrata a fantasia de Tolkien h\u00e1 mais de 30 anos.<\/p>\n","protected":false},"excerpt":{"rendered":"<p>O \u00faltimo dos tr\u00eas Grandes Contos Perdidos do legend\u00e1rio de J.R.R.Tolkien narra a jornada de Tuor rumo \u00e0 cidade secreta&hellip;<\/p>\n","protected":false},"featured_media":346995,"comment_status":"open","ping_status":"closed","template":"","meta":[],"product_cat":[162,134],"product_tag":[],"_links":{"self":[{"href":"https:\/\/www.livrariarema.com.br\/loja\/wp-json\/wp\/v2\/product\/198572"}],"collection":[{"href":"https:\/\/www.livrariarema.com.br\/loja\/wp-json\/wp\/v2\/product"}],"about":[{"href":"https:\/\/www.livrariarema.com.br\/loja\/wp-json\/wp\/v2\/types\/product"}],"replies":[{"embeddable":true,"href":"https:\/\/www.livrariarema.com.br\/loja\/wp-json\/wp\/v2\/comments?post=198572"}],"wp:featuredmedia":[{"embeddable":true,"href":"https:\/\/www.livrariarema.com.br\/loja\/wp-json\/wp\/v2\/media\/346995"}],"wp:attachment":[{"href":"https:\/\/www.livrariarema.com.br\/loja\/wp-json\/wp\/v2\/media?parent=198572"}],"wp:term":[{"taxonomy":"product_cat","embeddable":true,"href":"https:\/\/www.livrariarema.com.br\/loja\/wp-json\/wp\/v2\/product_cat?post=198572"},{"taxonomy":"product_tag","embeddable":true,"href":"https:\/\/www.livrariarema.com.br\/loja\/wp-json\/wp\/v2\/product_tag?post=198572"}],"curies":[{"name":"wp","href":"https:\/\/api.w.org\/{rel}","templated":true}]}}