{"id":200112,"date":"2022-12-02T13:34:04","date_gmt":"2022-12-02T16:34:04","guid":{"rendered":"https:\/\/www.livrariarema.com.br\/loja\/produtos\/sem categoria\/caneta-esferografica-tilibra-easy-grip-1-0mm-preta\/"},"modified":"2026-01-31T12:40:37","modified_gmt":"2026-01-31T15:40:37","slug":"caneta-esferografica-tilibra-easy-grip-1-0mm-preta","status":"publish","type":"product","link":"https:\/\/www.livrariarema.com.br\/loja\/produtos\/papelaria\/canetas\/caneta-esferografica-tilibra-easy-grip-1-0mm-preta\/","title":{"rendered":"Caneta Esferogr\u00e1fica &#8211; Tilibra &#8211; Easy Grip &#8211; 1.0Mm &#8211; Preta"},"content":{"rendered":"<p>A Caneta Esferogr\u00e1fica Retr\u00e1til 1.0mm Easy Grip Preta possui um tra\u00e7o macio e tinta de qualidade com secagem r\u00e1pida, sendo ideal para escrita e sendo indispens\u00e1vel para seu material escolar ou escrit\u00f3rio.<\/p>\n<p>Produto Certificado INMETRO (Artigo Escolar\/Seguran\u00e7a) &#8211; Registro 000276\/2012<\/p>\n","protected":false},"excerpt":{"rendered":"<p>A Caneta Esferogr\u00e1fica Retr\u00e1til 1.0mm Easy Grip Preta possui um tra\u00e7o macio e tinta de qualidade com secagem r\u00e1pida, sendo&hellip;<\/p>\n","protected":false},"featured_media":334898,"comment_status":"open","ping_status":"closed","template":"","meta":[],"product_cat":[216,215],"product_tag":[],"_links":{"self":[{"href":"https:\/\/www.livrariarema.com.br\/loja\/wp-json\/wp\/v2\/product\/200112"}],"collection":[{"href":"https:\/\/www.livrariarema.com.br\/loja\/wp-json\/wp\/v2\/product"}],"about":[{"href":"https:\/\/www.livrariarema.com.br\/loja\/wp-json\/wp\/v2\/types\/product"}],"replies":[{"embeddable":true,"href":"https:\/\/www.livrariarema.com.br\/loja\/wp-json\/wp\/v2\/comments?post=200112"}],"wp:featuredmedia":[{"embeddable":true,"href":"https:\/\/www.livrariarema.com.br\/loja\/wp-json\/wp\/v2\/media\/334898"}],"wp:attachment":[{"href":"https:\/\/www.livrariarema.com.br\/loja\/wp-json\/wp\/v2\/media?parent=200112"}],"wp:term":[{"taxonomy":"product_cat","embeddable":true,"href":"https:\/\/www.livrariarema.com.br\/loja\/wp-json\/wp\/v2\/product_cat?post=200112"},{"taxonomy":"product_tag","embeddable":true,"href":"https:\/\/www.livrariarema.com.br\/loja\/wp-json\/wp\/v2\/product_tag?post=200112"}],"curies":[{"name":"wp","href":"https:\/\/api.w.org\/{rel}","templated":true}]}}