{"id":200203,"date":"2022-12-02T15:57:38","date_gmt":"2022-12-02T18:57:38","guid":{"rendered":"https:\/\/www.livrariarema.com.br\/loja\/produtos\/sem categoria\/apontador-tilibra-com-deposito-2-furos-ap15\/"},"modified":"2024-10-18T11:41:29","modified_gmt":"2024-10-18T14:41:29","slug":"apontador-tilibra-com-deposito-2-furos-ap15","status":"publish","type":"product","link":"https:\/\/www.livrariarema.com.br\/loja\/produtos\/papelaria\/apontador\/apontador-tilibra-com-deposito-2-furos-ap15\/","title":{"rendered":"Apontador &#8211; Tilibra &#8211; Com Dep\u00f3sito &#8211; 2 Furos &#8211; Ap15"},"content":{"rendered":"<p>O Apontador 2 Furos com Dep\u00f3sito AP13 \u00e9 produzido com material dur\u00e1vel, l\u00e2mina em a\u00e7o carbono resistente e possui dep\u00f3sito com boa capacidade. Ideal para o dia a dia na escola, auxiliando o aluno nas atividades de escrever, desenhar e colorir.<\/p>\n<p>Produto Certificado INMETRO (Artigo Escolar\/Seguran\u00e7a) &#8211; Registro 005883\/2018<\/p>\n<p>* Vendido Individualmente *<\/p>\n","protected":false},"excerpt":{"rendered":"<p>O Apontador 2 Furos com Dep\u00f3sito AP13 \u00e9 produzido com material dur\u00e1vel, l\u00e2mina em a\u00e7o carbono resistente e possui dep\u00f3sito&hellip;<\/p>\n","protected":false},"featured_media":297014,"comment_status":"open","ping_status":"closed","template":"","meta":[],"product_cat":[283,215],"product_tag":[],"_links":{"self":[{"href":"https:\/\/www.livrariarema.com.br\/loja\/wp-json\/wp\/v2\/product\/200203"}],"collection":[{"href":"https:\/\/www.livrariarema.com.br\/loja\/wp-json\/wp\/v2\/product"}],"about":[{"href":"https:\/\/www.livrariarema.com.br\/loja\/wp-json\/wp\/v2\/types\/product"}],"replies":[{"embeddable":true,"href":"https:\/\/www.livrariarema.com.br\/loja\/wp-json\/wp\/v2\/comments?post=200203"}],"wp:featuredmedia":[{"embeddable":true,"href":"https:\/\/www.livrariarema.com.br\/loja\/wp-json\/wp\/v2\/media\/297014"}],"wp:attachment":[{"href":"https:\/\/www.livrariarema.com.br\/loja\/wp-json\/wp\/v2\/media?parent=200203"}],"wp:term":[{"taxonomy":"product_cat","embeddable":true,"href":"https:\/\/www.livrariarema.com.br\/loja\/wp-json\/wp\/v2\/product_cat?post=200203"},{"taxonomy":"product_tag","embeddable":true,"href":"https:\/\/www.livrariarema.com.br\/loja\/wp-json\/wp\/v2\/product_tag?post=200203"}],"curies":[{"name":"wp","href":"https:\/\/api.w.org\/{rel}","templated":true}]}}