{"id":200857,"date":"2022-12-05T18:06:14","date_gmt":"2022-12-05T21:06:14","guid":{"rendered":"https:\/\/www.livrariarema.com.br\/loja\/produtos\/sem categoria\/biblia-sua-biblia-marrom\/"},"modified":"2026-03-04T12:28:23","modified_gmt":"2026-03-04T15:28:23","slug":"biblia-sua-biblia-marrom","status":"publish","type":"product","link":"https:\/\/www.livrariarema.com.br\/loja\/produtos\/biblias\/nvi\/biblia-sua-biblia-marrom\/","title":{"rendered":"B\u00edblia &#8211; Sua B\u00edblia &#8211; Marrom"},"content":{"rendered":"<p>Quantas vezes estamos na igreja e ouvimos algo t\u00e3o tocante que queremos registrar, mas n\u00e3o podemos porque n\u00e3o temos onde anotar? Voc\u00ea at\u00e9 gostaria de escrever na pr\u00f3pria B\u00edblia, para que aquela informa\u00e7\u00e3o complementasse seus estudos b\u00edblicos, mas ela n\u00e3o tem espa\u00e7o. Esta B\u00edblia chegou para resolver esse problema.<\/p>\n<p>Pensada para voc\u00ea que gosta de registrar coment\u00e1rios e anota\u00e7\u00f5es que enrique\u00e7am a compreens\u00e3o do texto b\u00edblico, Sua B\u00edblia foi elaborada para incluir anota\u00e7\u00f5es sem prejudicar a leitura das Escrituras. Com papel diferenciado que d\u00e1 mais destaque \u00e0s suas anota\u00e7\u00f5es e mais visibilidade ao texto, gra\u00e7as a uma fonte especial desenvolvida pela Thomas Nelson Brasil, esta \u00e9 a ferramenta ideal para aqueles que desejam aprofundar seu relacionamento com a Palavra.<\/p>\n","protected":false},"excerpt":{"rendered":"<p>Quantas vezes estamos na igreja e ouvimos algo t\u00e3o tocante que queremos registrar, mas n\u00e3o podemos porque n\u00e3o temos onde&hellip;<\/p>\n","protected":false},"featured_media":345773,"comment_status":"open","ping_status":"closed","template":"","meta":[],"product_cat":[139,166],"product_tag":[],"_links":{"self":[{"href":"https:\/\/www.livrariarema.com.br\/loja\/wp-json\/wp\/v2\/product\/200857"}],"collection":[{"href":"https:\/\/www.livrariarema.com.br\/loja\/wp-json\/wp\/v2\/product"}],"about":[{"href":"https:\/\/www.livrariarema.com.br\/loja\/wp-json\/wp\/v2\/types\/product"}],"replies":[{"embeddable":true,"href":"https:\/\/www.livrariarema.com.br\/loja\/wp-json\/wp\/v2\/comments?post=200857"}],"wp:featuredmedia":[{"embeddable":true,"href":"https:\/\/www.livrariarema.com.br\/loja\/wp-json\/wp\/v2\/media\/345773"}],"wp:attachment":[{"href":"https:\/\/www.livrariarema.com.br\/loja\/wp-json\/wp\/v2\/media?parent=200857"}],"wp:term":[{"taxonomy":"product_cat","embeddable":true,"href":"https:\/\/www.livrariarema.com.br\/loja\/wp-json\/wp\/v2\/product_cat?post=200857"},{"taxonomy":"product_tag","embeddable":true,"href":"https:\/\/www.livrariarema.com.br\/loja\/wp-json\/wp\/v2\/product_tag?post=200857"}],"curies":[{"name":"wp","href":"https:\/\/api.w.org\/{rel}","templated":true}]}}