{"id":200936,"date":"2022-12-05T18:13:26","date_gmt":"2022-12-05T21:13:26","guid":{"rendered":"https:\/\/www.livrariarema.com.br\/loja\/produtos\/sem%20categoria\/jayber-crow-wendell-berry\/"},"modified":"2026-02-24T17:09:00","modified_gmt":"2026-02-24T20:09:00","slug":"jayber-crow-wendell-berry","status":"publish","type":"product","link":"https:\/\/www.livrariarema.com.br\/loja\/produtos\/promocao\/livros-promocao\/jayber-crow-wendell-berry\/","title":{"rendered":"Jayber Crow &#8211; Wendell Berry"},"content":{"rendered":"<p>&#8220;Voc\u00ea recebeu perguntas para as quais n\u00e3o poder\u00e1 receber respostas. Voc\u00ea ter\u00e1 de viv\u00ea-las &#8211; talvez, um pouco de cada vez.&#8221;<br \/>\n&#8220;E quanto isso vai demorar?&#8221;<br \/>\n&#8220;N\u00e3o sei. Talvez uma vida inteira.&#8221;<br \/>\n&#8220;Ent\u00e3o pode ser um longo tempo.&#8221;<br \/>\n&#8220;Vou te contar mais um mist\u00e9rio&#8221;, ele disse, &#8220;Talvez demore ainda<br \/>\nmais.&#8221;<\/p>\n<p>O ano \u00e9 1932 e Jayber Crow acaba de retornar \u00e0 Port William para trabalhar como barbeiro da cidade. \u00d3rf\u00e3o e sem nenhum parente pr\u00f3ximo desde os dez anos, Jayber est\u00e1 habituado com a solid\u00e3o, o que o tornou um observador paciente da natureza em toda sua bondade e fragilidade.<\/p>\n<p>Na tentativa de sanar as quest\u00f5es de seu cora\u00e7\u00e3o, Jayber se torna seminarista na Faculdade Pigeonville, mas descobre que n\u00e3o seria pastor t\u00e3o cedo. De seminarista a barbeiro, Jayber Crow \u00e9 a narrativa de vida de um homem que assiste os dias passarem em uma pacata cidade do interior enquanto reflete sobre a profundidade de sua pr\u00f3pria hist\u00f3ria e dos caminhos n\u00e3o planejados que vida lhe imp\u00f4s.<\/p>\n<p>Neste livro, Wendell Berry nos presenteia com hist\u00f3rias e personagens t\u00e3o envolventes que at\u00e9 parecem reais; s\u00e3o hist\u00f3rias que deixar\u00e3o o leitor com um luminoso sorriso ap\u00f3s o t\u00e9rmino da leitura.<\/p>\n","protected":false},"excerpt":{"rendered":"<p>&#8220;Voc\u00ea recebeu perguntas para as quais n\u00e3o poder\u00e1 receber respostas. Voc\u00ea ter\u00e1 de viv\u00ea-las &#8211; talvez, um pouco de cada&hellip;<\/p>\n","protected":false},"featured_media":345386,"comment_status":"open","ping_status":"closed","template":"","meta":[],"product_cat":[143,142],"product_tag":[],"_links":{"self":[{"href":"https:\/\/www.livrariarema.com.br\/loja\/wp-json\/wp\/v2\/product\/200936"}],"collection":[{"href":"https:\/\/www.livrariarema.com.br\/loja\/wp-json\/wp\/v2\/product"}],"about":[{"href":"https:\/\/www.livrariarema.com.br\/loja\/wp-json\/wp\/v2\/types\/product"}],"replies":[{"embeddable":true,"href":"https:\/\/www.livrariarema.com.br\/loja\/wp-json\/wp\/v2\/comments?post=200936"}],"wp:featuredmedia":[{"embeddable":true,"href":"https:\/\/www.livrariarema.com.br\/loja\/wp-json\/wp\/v2\/media\/345386"}],"wp:attachment":[{"href":"https:\/\/www.livrariarema.com.br\/loja\/wp-json\/wp\/v2\/media?parent=200936"}],"wp:term":[{"taxonomy":"product_cat","embeddable":true,"href":"https:\/\/www.livrariarema.com.br\/loja\/wp-json\/wp\/v2\/product_cat?post=200936"},{"taxonomy":"product_tag","embeddable":true,"href":"https:\/\/www.livrariarema.com.br\/loja\/wp-json\/wp\/v2\/product_tag?post=200936"}],"curies":[{"name":"wp","href":"https:\/\/api.w.org\/{rel}","templated":true}]}}