{"id":200940,"date":"2022-12-05T18:13:36","date_gmt":"2022-12-05T21:13:36","guid":{"rendered":"https:\/\/www.livrariarema.com.br\/loja\/produtos\/sem categoria\/enquanto-isso-fernanda-witwytzky\/"},"modified":"2026-04-30T11:01:31","modified_gmt":"2026-04-30T14:01:31","slug":"enquanto-isso-fernanda-witwytzky","status":"publish","type":"product","link":"https:\/\/www.livrariarema.com.br\/loja\/produtos\/livros\/biografia\/enquanto-isso-fernanda-witwytzky\/","title":{"rendered":"Enquanto Isso &#8211; Fernanda Witwytzky"},"content":{"rendered":"<p>Esperar em Deus nunca \u00e9 tempo perdido<\/p>\n<p>As coisas mais importantes da nossa vida precisam de tempo para serem cultivadas: um bom casamento, amigos leais, um trabalho relevante, a educa\u00e7\u00e3o dos nossos filhos, nosso relacionamento com Deus. tudo isso exige de n\u00f3s esfor\u00e7o e perseveran\u00e7a atrav\u00e9s do tempo. Mas como persistir na espera sem desanimar?<\/p>\n<p>Em Enquanto isso, Fernanda Witwytzky compartilha a hist\u00f3ria de sua fam\u00edlia e de suas trinta e duas tentativas de engravidar, com o objetivo de fortalecer outras mulheres em suas jornadas. Exercitar-se na paci\u00eancia divina lhe rendeu, ap\u00f3s tr\u00eas anos de espera, uma recompensa linda: os g\u00eameos Sara e Samuel.<\/p>\n<p>Com perguntas, cita\u00e7\u00f5es inspiradoras e provoca\u00e7\u00f5es para nos ajudar a repensar e ajustar nossas atitudes em rela\u00e7\u00e3o ao que fazer enquanto esperamos, este livro relata as alegrias, tristezas, dificuldades e aprendizados de Fernanda durante esse per\u00edodo de sua vida.<\/p>\n<p>Uma leitura para nos ensinar a descansar no controle do Senhor e encontrar nele o renovo necess\u00e1rio para persistir.<\/p>\n","protected":false},"excerpt":{"rendered":"<p>Esperar em Deus nunca \u00e9 tempo perdido As coisas mais importantes da nossa vida precisam de tempo para serem cultivadas:&hellip;<\/p>\n","protected":false},"featured_media":343389,"comment_status":"open","ping_status":"closed","template":"","meta":[],"product_cat":[181,134],"product_tag":[],"_links":{"self":[{"href":"https:\/\/www.livrariarema.com.br\/loja\/wp-json\/wp\/v2\/product\/200940"}],"collection":[{"href":"https:\/\/www.livrariarema.com.br\/loja\/wp-json\/wp\/v2\/product"}],"about":[{"href":"https:\/\/www.livrariarema.com.br\/loja\/wp-json\/wp\/v2\/types\/product"}],"replies":[{"embeddable":true,"href":"https:\/\/www.livrariarema.com.br\/loja\/wp-json\/wp\/v2\/comments?post=200940"}],"wp:featuredmedia":[{"embeddable":true,"href":"https:\/\/www.livrariarema.com.br\/loja\/wp-json\/wp\/v2\/media\/343389"}],"wp:attachment":[{"href":"https:\/\/www.livrariarema.com.br\/loja\/wp-json\/wp\/v2\/media?parent=200940"}],"wp:term":[{"taxonomy":"product_cat","embeddable":true,"href":"https:\/\/www.livrariarema.com.br\/loja\/wp-json\/wp\/v2\/product_cat?post=200940"},{"taxonomy":"product_tag","embeddable":true,"href":"https:\/\/www.livrariarema.com.br\/loja\/wp-json\/wp\/v2\/product_tag?post=200940"}],"curies":[{"name":"wp","href":"https:\/\/api.w.org\/{rel}","templated":true}]}}