{"id":200944,"date":"2022-12-05T18:13:46","date_gmt":"2022-12-05T21:13:46","guid":{"rendered":"https:\/\/www.livrariarema.com.br\/loja\/produtos\/sem categoria\/ajuda-esta-aqui-a-max-lucado\/"},"modified":"2026-02-24T17:09:06","modified_gmt":"2026-02-24T20:09:06","slug":"ajuda-esta-aqui-a-max-lucado","status":"publish","type":"product","link":"https:\/\/www.livrariarema.com.br\/loja\/produtos\/livros\/motivacao\/ajuda-esta-aqui-a-max-lucado\/","title":{"rendered":"Ajuda Esta Aqui, A &#8211; Max Lucado"},"content":{"rendered":"<p>A vida est\u00e1 cheia de problemas, mas eles n\u00e3o precisam definir quem voc\u00ea \u00e9<\/p>\n<p>Mais do que nunca, andamos exaustos por causa dos pesos que carregamos e dos desafios que enfrentamos. Temos perguntas que n\u00e3o sabemos responder; problemas que n\u00e3o sabemos resolver. T\u00ednhamos esperan\u00e7a de que a vida seria como uma caminhada tranquila, um passeio por paisagens agrad\u00e1veis. Jamais imaginamos que a subida seria \u00edngreme &#8211; e que nos cansar\u00edamos t\u00e3o r\u00e1pido. Mas e se encontr\u00e1ssemos ajuda?<br \/>\nNeste livro, Max Lucado nos ensina como enfrentar os desafios da vida com o poderoso aux\u00edlio do Esp\u00edrito Santo. Voc\u00ea gostaria de conhecer a empolga\u00e7\u00e3o de seguir a Jesus? O Esp\u00edrito Santo \u00e9 o mestre ideal para isso. Suas ora\u00e7\u00f5es parecem fracas? O Esp\u00edrito \u00e9 seu intercessor. N\u00e3o tem certeza da salva\u00e7\u00e3o? O Esp\u00edrito \u00e9 o selo divino sobre o crist\u00e3o. O Esp\u00edrito \u00e9 a pomba da paz que nos acalma, o doador de dons que nos capacita,<br \/>\no rio de \u00e1gua viva que flui de nosso interior para saciar o mundo.<br \/>\nA ajuda est\u00e1 aqui! Chega de caminhar sozinho e de arrastar pesos que o Senhor n\u00e3o tinha a inten\u00e7\u00e3o de que voc\u00ea carregasse. \u00c9 hora de desfrutar a presen\u00e7a do Esp\u00edrito Santo e de experimentar a vida abundante que ele oferece.<\/p>\n","protected":false},"excerpt":{"rendered":"<p>A vida est\u00e1 cheia de problemas, mas eles n\u00e3o precisam definir quem voc\u00ea \u00e9 Mais do que nunca, andamos exaustos&hellip;<\/p>\n","protected":false},"featured_media":345387,"comment_status":"open","ping_status":"closed","template":"","meta":[],"product_cat":[134,211],"product_tag":[],"_links":{"self":[{"href":"https:\/\/www.livrariarema.com.br\/loja\/wp-json\/wp\/v2\/product\/200944"}],"collection":[{"href":"https:\/\/www.livrariarema.com.br\/loja\/wp-json\/wp\/v2\/product"}],"about":[{"href":"https:\/\/www.livrariarema.com.br\/loja\/wp-json\/wp\/v2\/types\/product"}],"replies":[{"embeddable":true,"href":"https:\/\/www.livrariarema.com.br\/loja\/wp-json\/wp\/v2\/comments?post=200944"}],"wp:featuredmedia":[{"embeddable":true,"href":"https:\/\/www.livrariarema.com.br\/loja\/wp-json\/wp\/v2\/media\/345387"}],"wp:attachment":[{"href":"https:\/\/www.livrariarema.com.br\/loja\/wp-json\/wp\/v2\/media?parent=200944"}],"wp:term":[{"taxonomy":"product_cat","embeddable":true,"href":"https:\/\/www.livrariarema.com.br\/loja\/wp-json\/wp\/v2\/product_cat?post=200944"},{"taxonomy":"product_tag","embeddable":true,"href":"https:\/\/www.livrariarema.com.br\/loja\/wp-json\/wp\/v2\/product_tag?post=200944"}],"curies":[{"name":"wp","href":"https:\/\/api.w.org\/{rel}","templated":true}]}}