{"id":200957,"date":"2022-12-05T18:14:26","date_gmt":"2022-12-05T21:14:26","guid":{"rendered":"https:\/\/www.livrariarema.com.br\/loja\/produtos\/sem categoria\/biblia-leitura-perfeita-nvi-com-espaco-para-anotacoes-couro-soft-marrom\/"},"modified":"2026-02-24T12:16:32","modified_gmt":"2026-02-24T15:16:32","slug":"biblia-leitura-perfeita-nvi-com-espaco-para-anotacoes-couro-soft-marrom","status":"publish","type":"product","link":"https:\/\/www.livrariarema.com.br\/loja\/produtos\/biblias\/nvi\/biblia-leitura-perfeita-nvi-com-espaco-para-anotacoes-couro-soft-marrom\/","title":{"rendered":"B\u00edblia Leitura Perfeita &#8211; Nvi &#8211; Com Espa\u00e7o Para Anota\u00e7\u00f5es &#8211; Couro Soft &#8211; Marrom"},"content":{"rendered":"<p>Essa B\u00edblia faz parte da cole\u00e7\u00e3o de B\u00edblias com espa\u00e7o para anota\u00e7\u00f5es da Thomas Nelson Brasil, e \u00e9 destinada a todos os apaixonados por lettering, colagens, anota\u00e7\u00f5es, aquarelas e outras formas de arte. A capa \u00e9 em courosoft (PU) com toque aveludado que agrega leveza ao manuseio e fechamento em tira. Ela possui papel creme (amarelado) de alta gramatura e opacidade, o que significa que voc\u00ea pode desenhar, escrever e pintar a vontade!<\/p>\n<p>No interior, possui letra no tamanho tradicional e linguagem NVI (Nova Vers\u00e3o Internacional) que \u00e9 baseada nos seguintes fundamentos: precis\u00e3o, beleza de estilo, clareza e dignidade, trazendo uma vers\u00e3o ao mesmo tempo fiel e contempor\u00e2nea. Nela, voc\u00ea encontrar\u00e1 ainda a fonte Leitura Perfeita. Desenvolvida exclusivamente para a Thomas Nelson Brasil, a Leitura Perfeita \u00e9 uma fonte singular, moderna, bonita, clara e leg\u00edvel, ao mesmo tempo em que integra os melhores avan\u00e7os em tipografia de b\u00edblias modernas. O resultado \u00e9 uma tipologia que traz total conforto na leitura em qualquer tamanho.<\/p>\n","protected":false},"excerpt":{"rendered":"<p>Essa B\u00edblia faz parte da cole\u00e7\u00e3o de B\u00edblias com espa\u00e7o para anota\u00e7\u00f5es da Thomas Nelson Brasil, e \u00e9 destinada a&hellip;<\/p>\n","protected":false},"featured_media":345254,"comment_status":"open","ping_status":"closed","template":"","meta":[],"product_cat":[139,166],"product_tag":[],"_links":{"self":[{"href":"https:\/\/www.livrariarema.com.br\/loja\/wp-json\/wp\/v2\/product\/200957"}],"collection":[{"href":"https:\/\/www.livrariarema.com.br\/loja\/wp-json\/wp\/v2\/product"}],"about":[{"href":"https:\/\/www.livrariarema.com.br\/loja\/wp-json\/wp\/v2\/types\/product"}],"replies":[{"embeddable":true,"href":"https:\/\/www.livrariarema.com.br\/loja\/wp-json\/wp\/v2\/comments?post=200957"}],"wp:featuredmedia":[{"embeddable":true,"href":"https:\/\/www.livrariarema.com.br\/loja\/wp-json\/wp\/v2\/media\/345254"}],"wp:attachment":[{"href":"https:\/\/www.livrariarema.com.br\/loja\/wp-json\/wp\/v2\/media?parent=200957"}],"wp:term":[{"taxonomy":"product_cat","embeddable":true,"href":"https:\/\/www.livrariarema.com.br\/loja\/wp-json\/wp\/v2\/product_cat?post=200957"},{"taxonomy":"product_tag","embeddable":true,"href":"https:\/\/www.livrariarema.com.br\/loja\/wp-json\/wp\/v2\/product_tag?post=200957"}],"curies":[{"name":"wp","href":"https:\/\/api.w.org\/{rel}","templated":true}]}}