{"id":200976,"date":"2022-12-05T18:15:30","date_gmt":"2022-12-05T21:15:30","guid":{"rendered":"https:\/\/www.livrariarema.com.br\/loja\/produtos\/sem%20categoria\/pedagogia-crista-david-i-smith\/"},"modified":"2026-02-24T17:23:54","modified_gmt":"2026-02-24T20:23:54","slug":"pedagogia-crista-david-i-smith","status":"publish","type":"product","link":"https:\/\/www.livrariarema.com.br\/loja\/produtos\/promocao\/livros-promocao\/pedagogia-crista-david-i-smith\/","title":{"rendered":"Pedagogia Crist\u00e3 &#8211; David I. Smith"},"content":{"rendered":"<p>N\u00e3o basta ter um conte\u00fado crist\u00e3o; \u00e9 necess\u00e1rio um modo crist\u00e3o de ensinar.<\/p>\n<p>&#8220;Este livro n\u00e3o fornece procedimentos fechados, mas aprimora e desperta reflex\u00f5es que ajudar\u00e3o o professor a definir m\u00e9todos e abordagens em uma pedagogia crist\u00e3 que seja mais propositiva, n\u00e3o apenas no conte\u00fado, mas tamb\u00e9m na forma de ensinar.&#8221; (Igor Miguel)<\/p>\n<p>Professores de escolas crist\u00e3s lidam com a expectativa de que sua f\u00e9 seja conectada de modo integral a seu ensino. Muitas vezes isso acaba exigindo do docente um esfor\u00e7o por efetuar uma an\u00e1lise teol\u00f3gica ou mesmo filos\u00f3fica a respeito do conte\u00fado acad\u00eamico do curso. <br \/>\nMas que dizer das estrat\u00e9gias e t\u00e9cnicas pedag\u00f3gicas? <br \/>\nH\u00e1 modos caracteristicamente crist\u00e3os de abordar o ensino e a aprendizagem? <br \/>\nSeria poss\u00edvel afirmar que algumas dessas t\u00e9cnicas e estrat\u00e9gias de ensino podem estar em conson\u00e2ncia com as perspectivas crist\u00e3s quando vistas como extens\u00e3o natural dos compromissos e convic\u00e7\u00f5es de f\u00e9 que s\u00e3o subjacentes a elas? <\/p>\n<p>Em Pedagogia crist\u00e3, David Smith busca responder a essas e outras perguntas. E justamente professores crist\u00e3os v\u00eam pensando h\u00e1 muito tempo sobre o conte\u00fado que devem ensinar, mas poucos projetos de pesquisa se dedicam a examinar com profundidade como a f\u00e9 molda o processo de ensino em si.<br \/>\nDavid Smith oferece aqui uma contribui\u00e7\u00e3o valiosa para a discuss\u00e3o sobre a\u00e7\u00f5es espec\u00edficas no ambiente de ensino e aprendizagem que fluam naturalmente da f\u00e9 crist\u00e3. Os exemplos que ele d\u00e1, ainda que mais relacionados a sua \u00e1rea de expertise, a saber, l\u00edngua e literatura, se aplicam a uma ampla gama de disciplinas acad\u00eamicas e devem servir de motiva\u00e7\u00e3o a todos os que se sentem chamados a atuar em institui\u00e7\u00f5es de ensino crist\u00e3o para que busquem refletir mais profundamente e de modo crist\u00e3o n\u00e3o apenas sobre o conte\u00fado do que se ensina, mas a forma de ensinar.<br \/>\nDavid Smith teve \u00eaxito mais uma vez! Em Pedagogia crist\u00e3, alcan\u00e7ou um feito ins\u00f3lito: escrever um livro brilhantemente incisivo sem deixar de ser extraordinariamente pr\u00e1tico. Temos aqui um texto muito necess\u00e1rio e que inspirar\u00e1 crist\u00e3os professores, crist\u00e3os que se preocupam com o ensino e a aprendizagem e todos os que querem conhecer o &#8220;ensino realizado de modo crist\u00e3o&#8221; em sua melhor vers\u00e3o.<br \/>\n&#8211; L. Gregory Jones, Duke Divinity School<\/p>\n","protected":false},"excerpt":{"rendered":"<p>N\u00e3o basta ter um conte\u00fado crist\u00e3o; \u00e9 necess\u00e1rio um modo crist\u00e3o de ensinar. &#8220;Este livro n\u00e3o fornece procedimentos fechados, mas&hellip;<\/p>\n","protected":false},"featured_media":345408,"comment_status":"open","ping_status":"closed","template":"","meta":[],"product_cat":[143,142],"product_tag":[],"_links":{"self":[{"href":"https:\/\/www.livrariarema.com.br\/loja\/wp-json\/wp\/v2\/product\/200976"}],"collection":[{"href":"https:\/\/www.livrariarema.com.br\/loja\/wp-json\/wp\/v2\/product"}],"about":[{"href":"https:\/\/www.livrariarema.com.br\/loja\/wp-json\/wp\/v2\/types\/product"}],"replies":[{"embeddable":true,"href":"https:\/\/www.livrariarema.com.br\/loja\/wp-json\/wp\/v2\/comments?post=200976"}],"wp:featuredmedia":[{"embeddable":true,"href":"https:\/\/www.livrariarema.com.br\/loja\/wp-json\/wp\/v2\/media\/345408"}],"wp:attachment":[{"href":"https:\/\/www.livrariarema.com.br\/loja\/wp-json\/wp\/v2\/media?parent=200976"}],"wp:term":[{"taxonomy":"product_cat","embeddable":true,"href":"https:\/\/www.livrariarema.com.br\/loja\/wp-json\/wp\/v2\/product_cat?post=200976"},{"taxonomy":"product_tag","embeddable":true,"href":"https:\/\/www.livrariarema.com.br\/loja\/wp-json\/wp\/v2\/product_tag?post=200976"}],"curies":[{"name":"wp","href":"https:\/\/api.w.org\/{rel}","templated":true}]}}