{"id":201188,"date":"2022-12-06T18:06:41","date_gmt":"2022-12-06T21:06:41","guid":{"rendered":"https:\/\/www.livrariarema.com.br\/loja\/produtos\/sem categoria\/comentario-exegetico-marcos-robert-h-stein\/"},"modified":"2026-02-20T12:30:32","modified_gmt":"2026-02-20T15:30:32","slug":"comentario-exegetico-marcos-robert-h-stein","status":"publish","type":"product","link":"https:\/\/www.livrariarema.com.br\/loja\/produtos\/promocao\/livros-promocao\/comentario-exegetico-marcos-robert-h-stein\/","title":{"rendered":"Coment\u00e1rio Exeg\u00e9tico: Marcos &#8211; Robert H. Stein"},"content":{"rendered":"<p>Neste coment\u00e1rio, Robert Stein, respeitado erudito do Novo Testamento, nos apresenta um conte\u00fado substancioso, mas muito acess\u00edvel, do Evangelho de Marcos. A obra concentra o foco principalmente na compreens\u00e3o que Marcos tem das tradi\u00e7\u00f5es sobre Jesus como refletidas nesse livro-chave do NT. O autor analisa cada se\u00e7\u00e3o de Marcos para mostrar como ela se encaixa no contexto imediato bem como no contexto mais amplo desse Evangelho. Ele fornece coment\u00e1rios vers\u00edculo-por-vers\u00edculo das palavras, express\u00f5es, frases e temas encontrados na respectiva se\u00e7\u00e3o e explora o que Marcos est\u00e1 tentando ensinar.<\/p>\n<p>Este coment\u00e1rio destaca a intera\u00e7\u00e3o detalhada do autor com o texto grego. Ele combina a sofistica\u00e7\u00e3o acad\u00eamica com a sensibilidade e acessibilidade pastorais para servir como uma ferramenta muito \u00fatil para pastores, l\u00edderes de igreja, estudantes e professores.<\/p>\n","protected":false},"excerpt":{"rendered":"<p>Neste coment\u00e1rio, Robert Stein, respeitado erudito do Novo Testamento, nos apresenta um conte\u00fado substancioso, mas muito acess\u00edvel, do Evangelho de&hellip;<\/p>\n","protected":false},"featured_media":344918,"comment_status":"open","ping_status":"closed","template":"","meta":[],"product_cat":[143,142],"product_tag":[],"_links":{"self":[{"href":"https:\/\/www.livrariarema.com.br\/loja\/wp-json\/wp\/v2\/product\/201188"}],"collection":[{"href":"https:\/\/www.livrariarema.com.br\/loja\/wp-json\/wp\/v2\/product"}],"about":[{"href":"https:\/\/www.livrariarema.com.br\/loja\/wp-json\/wp\/v2\/types\/product"}],"replies":[{"embeddable":true,"href":"https:\/\/www.livrariarema.com.br\/loja\/wp-json\/wp\/v2\/comments?post=201188"}],"wp:featuredmedia":[{"embeddable":true,"href":"https:\/\/www.livrariarema.com.br\/loja\/wp-json\/wp\/v2\/media\/344918"}],"wp:attachment":[{"href":"https:\/\/www.livrariarema.com.br\/loja\/wp-json\/wp\/v2\/media?parent=201188"}],"wp:term":[{"taxonomy":"product_cat","embeddable":true,"href":"https:\/\/www.livrariarema.com.br\/loja\/wp-json\/wp\/v2\/product_cat?post=201188"},{"taxonomy":"product_tag","embeddable":true,"href":"https:\/\/www.livrariarema.com.br\/loja\/wp-json\/wp\/v2\/product_tag?post=201188"}],"curies":[{"name":"wp","href":"https:\/\/api.w.org\/{rel}","templated":true}]}}