{"id":201194,"date":"2022-12-06T18:06:56","date_gmt":"2022-12-06T21:06:56","guid":{"rendered":"https:\/\/www.livrariarema.com.br\/loja\/produtos\/sem categoria\/comentario-exegetico-filipenses-gordon-d-fee\/"},"modified":"2026-02-20T12:29:23","modified_gmt":"2026-02-20T15:29:23","slug":"comentario-exegetico-filipenses-gordon-d-fee","status":"publish","type":"product","link":"https:\/\/www.livrariarema.com.br\/loja\/produtos\/promocao\/livros-promocao\/comentario-exegetico-filipenses-gordon-d-fee\/","title":{"rendered":"Coment\u00e1rio Exeg\u00e9tico: Filipenses &#8211; Gordon D. Fee"},"content":{"rendered":"<p>Neste formid\u00e1vel coment\u00e1rio, o respeitado estudioso do Novo Testamento e autor best-seller Gordon Fee apresenta um estudo acad\u00eamico, e ainda assim de leitura acess\u00edvel. Ele trabalha com base no texto grego e \u00e9 cir\u00fargico ao situar a Carta de Paulo aos Filipenses no contexto de amizade e de exorta\u00e7\u00e3o moral no primeiro s\u00e9culo para uma igreja que enfrenta oposi\u00e7\u00e3o por causa da lealdade a Jesus Cristo. O autor consegue, ao mesmo tempo, dedicar aten\u00e7\u00e3o proporcional e adequada \u00e0 relev\u00e2ncia teol\u00f3gica e espiritual da carta.<\/p>\n<p>Caracter\u00edsticas importantes deste coment\u00e1rio incluem a not\u00e1vel compara\u00e7\u00e3o de dois tipos de cartas que eram conhecidas no mundo greco-romano: a carta de amizade e a carta de exorta\u00e7\u00e3o moral; uma introdu\u00e7\u00e3o que analisa a ocasi\u00e3o, a autenticidade e as contribui\u00e7\u00f5es teol\u00f3gicas de Filipenses; e insights acad\u00eamicos que resolvem uma grande quantidade de quest\u00f5es formais e estruturais que intrigam muitos estudiosos do Novo Testamento.<\/p>\n","protected":false},"excerpt":{"rendered":"<p>Neste formid\u00e1vel coment\u00e1rio, o respeitado estudioso do Novo Testamento e autor best-seller Gordon Fee apresenta um estudo acad\u00eamico, e ainda&hellip;<\/p>\n","protected":false},"featured_media":344914,"comment_status":"open","ping_status":"closed","template":"","meta":[],"product_cat":[143,142],"product_tag":[],"_links":{"self":[{"href":"https:\/\/www.livrariarema.com.br\/loja\/wp-json\/wp\/v2\/product\/201194"}],"collection":[{"href":"https:\/\/www.livrariarema.com.br\/loja\/wp-json\/wp\/v2\/product"}],"about":[{"href":"https:\/\/www.livrariarema.com.br\/loja\/wp-json\/wp\/v2\/types\/product"}],"replies":[{"embeddable":true,"href":"https:\/\/www.livrariarema.com.br\/loja\/wp-json\/wp\/v2\/comments?post=201194"}],"wp:featuredmedia":[{"embeddable":true,"href":"https:\/\/www.livrariarema.com.br\/loja\/wp-json\/wp\/v2\/media\/344914"}],"wp:attachment":[{"href":"https:\/\/www.livrariarema.com.br\/loja\/wp-json\/wp\/v2\/media?parent=201194"}],"wp:term":[{"taxonomy":"product_cat","embeddable":true,"href":"https:\/\/www.livrariarema.com.br\/loja\/wp-json\/wp\/v2\/product_cat?post=201194"},{"taxonomy":"product_tag","embeddable":true,"href":"https:\/\/www.livrariarema.com.br\/loja\/wp-json\/wp\/v2\/product_tag?post=201194"}],"curies":[{"name":"wp","href":"https:\/\/api.w.org\/{rel}","templated":true}]}}