{"id":201198,"date":"2022-12-06T18:07:07","date_gmt":"2022-12-06T21:07:07","guid":{"rendered":"https:\/\/www.livrariarema.com.br\/loja\/produtos\/sem categoria\/transumanismo-e-a-imagem-de-deus-jacob-shatzer\/"},"modified":"2026-02-20T13:39:55","modified_gmt":"2026-02-20T16:39:55","slug":"transumanismo-e-a-imagem-de-deus-jacob-shatzer","status":"publish","type":"product","link":"https:\/\/www.livrariarema.com.br\/loja\/produtos\/promocao\/livros-promocao\/transumanismo-e-a-imagem-de-deus-jacob-shatzer\/","title":{"rendered":"Transumanismo E A Imagem De Deus &#8211; Jacob Shatzer"},"content":{"rendered":"<p>Jacob Shatzer, especialista em \u00e9tica b\u00edblica, nos conduz por uma an\u00e1lise cuidadosa acerca do futuro do discipulado crist\u00e3o em um ambiente tecnol\u00f3gico disruptivo. Em Transumanismo e a imagem de Deus, ele explica o desenvolvimento e a influ\u00eancia do movimento transumanista, dedicado ao est\u00e1gio seguinte da evolu\u00e7\u00e3o humana.<\/p>\n<p>Ao investigar t\u00f3picos como intelig\u00eancia artificial, rob\u00f3tica, tecnologia m\u00e9dica e ferramentas de comunica\u00e7\u00e3o, o autor exp\u00f5e de que maneira as transforma\u00e7\u00f5es tecnol\u00f3gicas do cotidiano j\u00e1 modificaram e continuar\u00e3o modificando a forma que pensamos, nos relacionamos e compreendemos a realidade. Em sua an\u00e1lise da doutrina da encarna\u00e7\u00e3o e de suas implica\u00e7\u00f5es para a identidade humana, Shatzer nos ajuda a compreender melhor o lugar apropriado da tecnologia na vida do disc\u00edpulo e a evitar as falsas promessas da perspectiva transumanista. <br \/>\nN\u00c3O \u00c9 POSS\u00cdVEL PENSAR NO USO DA TECNOLOGIA HOJE SEM LEVAR EM CONTA QUEM NOS TORNAREMOS AMANH\u00c3.<\/p>\n","protected":false},"excerpt":{"rendered":"<p>Jacob Shatzer, especialista em \u00e9tica b\u00edblica, nos conduz por uma an\u00e1lise cuidadosa acerca do futuro do discipulado crist\u00e3o em um&hellip;<\/p>\n","protected":false},"featured_media":345099,"comment_status":"open","ping_status":"closed","template":"","meta":[],"product_cat":[143,142],"product_tag":[],"_links":{"self":[{"href":"https:\/\/www.livrariarema.com.br\/loja\/wp-json\/wp\/v2\/product\/201198"}],"collection":[{"href":"https:\/\/www.livrariarema.com.br\/loja\/wp-json\/wp\/v2\/product"}],"about":[{"href":"https:\/\/www.livrariarema.com.br\/loja\/wp-json\/wp\/v2\/types\/product"}],"replies":[{"embeddable":true,"href":"https:\/\/www.livrariarema.com.br\/loja\/wp-json\/wp\/v2\/comments?post=201198"}],"wp:featuredmedia":[{"embeddable":true,"href":"https:\/\/www.livrariarema.com.br\/loja\/wp-json\/wp\/v2\/media\/345099"}],"wp:attachment":[{"href":"https:\/\/www.livrariarema.com.br\/loja\/wp-json\/wp\/v2\/media?parent=201198"}],"wp:term":[{"taxonomy":"product_cat","embeddable":true,"href":"https:\/\/www.livrariarema.com.br\/loja\/wp-json\/wp\/v2\/product_cat?post=201198"},{"taxonomy":"product_tag","embeddable":true,"href":"https:\/\/www.livrariarema.com.br\/loja\/wp-json\/wp\/v2\/product_tag?post=201198"}],"curies":[{"name":"wp","href":"https:\/\/api.w.org\/{rel}","templated":true}]}}