{"id":201200,"date":"2022-12-06T18:07:11","date_gmt":"2022-12-06T21:07:11","guid":{"rendered":"https:\/\/www.livrariarema.com.br\/loja\/produtos\/sem categoria\/bem-aventurancas-as-jerry-bridges\/"},"modified":"2026-02-20T12:18:33","modified_gmt":"2026-02-20T15:18:33","slug":"bem-aventurancas-as-jerry-bridges","status":"publish","type":"product","link":"https:\/\/www.livrariarema.com.br\/loja\/produtos\/livros\/espirito-santo\/bem-aventurancas-as-jerry-bridges\/","title":{"rendered":"Bem-Aventuran\u00e7as, As &#8211; Jerry Bridges"},"content":{"rendered":"<p>Todos admiramos a humildade quando a vemos. Mas como a praticamos? Como a humildade se torna algo natural na vida cotidiana?<\/p>\n<p>Jerry Bridges v\u00ea nas bem-aventuran\u00e7as, uma s\u00e9rie de b\u00ean\u00e7\u00e3os de Jesus, um padr\u00e3o de humildade em a\u00e7\u00e3o. Jesus come\u00e7a com a pobreza de esp\u00edrito  um reconhecimento de que somos incapazes de viver uma vida santa que agrada a Deus e prossegue por meio do lamento pelo pecado, nossa fome e sede de justi\u00e7a, grandes e pequenas experi\u00eancias de persegui\u00e7\u00f5es e, mais do que isso, a descoberta de que a humildade \u00e9 uma b\u00ean\u00e7\u00e3o. Deus est\u00e1 presente conosco a cada momento, dando gra\u00e7a aos humildes e elevando-nos \u00e0 b\u00ean\u00e7\u00e3o.<\/p>\n","protected":false},"excerpt":{"rendered":"<p>Todos admiramos a humildade quando a vemos. Mas como a praticamos? Como a humildade se torna algo natural na vida&hellip;<\/p>\n","protected":false},"featured_media":344881,"comment_status":"open","ping_status":"closed","template":"","meta":[],"product_cat":[199,134],"product_tag":[],"_links":{"self":[{"href":"https:\/\/www.livrariarema.com.br\/loja\/wp-json\/wp\/v2\/product\/201200"}],"collection":[{"href":"https:\/\/www.livrariarema.com.br\/loja\/wp-json\/wp\/v2\/product"}],"about":[{"href":"https:\/\/www.livrariarema.com.br\/loja\/wp-json\/wp\/v2\/types\/product"}],"replies":[{"embeddable":true,"href":"https:\/\/www.livrariarema.com.br\/loja\/wp-json\/wp\/v2\/comments?post=201200"}],"wp:featuredmedia":[{"embeddable":true,"href":"https:\/\/www.livrariarema.com.br\/loja\/wp-json\/wp\/v2\/media\/344881"}],"wp:attachment":[{"href":"https:\/\/www.livrariarema.com.br\/loja\/wp-json\/wp\/v2\/media?parent=201200"}],"wp:term":[{"taxonomy":"product_cat","embeddable":true,"href":"https:\/\/www.livrariarema.com.br\/loja\/wp-json\/wp\/v2\/product_cat?post=201200"},{"taxonomy":"product_tag","embeddable":true,"href":"https:\/\/www.livrariarema.com.br\/loja\/wp-json\/wp\/v2\/product_tag?post=201200"}],"curies":[{"name":"wp","href":"https:\/\/api.w.org\/{rel}","templated":true}]}}