{"id":201202,"date":"2022-12-06T18:07:16","date_gmt":"2022-12-06T21:07:16","guid":{"rendered":"https:\/\/www.livrariarema.com.br\/loja\/produtos\/sem categoria\/introducao-a-teologia-evangelica-richard-lints\/"},"modified":"2026-02-20T12:54:22","modified_gmt":"2026-02-20T15:54:22","slug":"introducao-a-teologia-evangelica-richard-lints","status":"publish","type":"product","link":"https:\/\/www.livrariarema.com.br\/loja\/produtos\/promocao\/livros-promocao\/introducao-a-teologia-evangelica-richard-lints\/","title":{"rendered":"Introdu\u00e7\u00e3o \u00c0 Teologia Evang\u00e9lica &#8211; Richard Lints"},"content":{"rendered":"<p>Depois de mostrar que os evang\u00e9licos de hoje n\u00e3o tiveram \u00eaxito na severa prova do pluralismo moderno, Richard Lints oferece excelentes propostas para que os evang\u00e9licos recuperem a integridade espiritual e reaprendam a pensar e ordenar a vida teologicamente. Al\u00e9m disso, Lints traz \u00e0 tona os v\u00e1rios elementos culturais e teol\u00f3gicos que impedem a produ\u00e7\u00e3o de uma teologia em perspectiva evang\u00e9lica, que interaja com o p\u00f3s-modernismo como m\u00e9todo teol\u00f3gico e incentive a constru\u00e7\u00e3o de uma teologia que seja genuinamente evang\u00e9lica e transformadora.<\/p>\n<p>Em Introdu\u00e7\u00e3o \u00e0 teologia evang\u00e9lica, o leitor n\u00e3o encontrar\u00e1 uma mera intera\u00e7\u00e3o entre cultura popular moderna e teologia, mas uma preocupa\u00e7\u00e3o com a forte influ\u00eancia que a cultura moderna exerce sobre a pr\u00e1tica e a recep\u00e7\u00e3o da teologia s\u00e9ria realizada no mundo evang\u00e9lico.<\/p>\n","protected":false},"excerpt":{"rendered":"<p>Depois de mostrar que os evang\u00e9licos de hoje n\u00e3o tiveram \u00eaxito na severa prova do pluralismo moderno, Richard Lints oferece&hellip;<\/p>\n","protected":false},"featured_media":344942,"comment_status":"open","ping_status":"closed","template":"","meta":[],"product_cat":[143,142],"product_tag":[],"_links":{"self":[{"href":"https:\/\/www.livrariarema.com.br\/loja\/wp-json\/wp\/v2\/product\/201202"}],"collection":[{"href":"https:\/\/www.livrariarema.com.br\/loja\/wp-json\/wp\/v2\/product"}],"about":[{"href":"https:\/\/www.livrariarema.com.br\/loja\/wp-json\/wp\/v2\/types\/product"}],"replies":[{"embeddable":true,"href":"https:\/\/www.livrariarema.com.br\/loja\/wp-json\/wp\/v2\/comments?post=201202"}],"wp:featuredmedia":[{"embeddable":true,"href":"https:\/\/www.livrariarema.com.br\/loja\/wp-json\/wp\/v2\/media\/344942"}],"wp:attachment":[{"href":"https:\/\/www.livrariarema.com.br\/loja\/wp-json\/wp\/v2\/media?parent=201202"}],"wp:term":[{"taxonomy":"product_cat","embeddable":true,"href":"https:\/\/www.livrariarema.com.br\/loja\/wp-json\/wp\/v2\/product_cat?post=201202"},{"taxonomy":"product_tag","embeddable":true,"href":"https:\/\/www.livrariarema.com.br\/loja\/wp-json\/wp\/v2\/product_tag?post=201202"}],"curies":[{"name":"wp","href":"https:\/\/api.w.org\/{rel}","templated":true}]}}