{"id":201204,"date":"2022-12-06T18:07:22","date_gmt":"2022-12-06T21:07:22","guid":{"rendered":"https:\/\/www.livrariarema.com.br\/loja\/produtos\/sem%20categoria\/carta-magna-da-humanidade-a-os-guinness\/"},"modified":"2026-02-20T12:18:50","modified_gmt":"2026-02-20T15:18:50","slug":"carta-magna-da-humanidade-a-os-guinness","status":"publish","type":"product","link":"https:\/\/www.livrariarema.com.br\/loja\/produtos\/promocao\/livros-promocao\/carta-magna-da-humanidade-a-os-guinness\/","title":{"rendered":"Carta Magna Da Humanidade, A &#8211; Os Guinness"},"content":{"rendered":"<p>Nesse livro, Os Guinness investigou a natureza da f\u00e9 revolucion\u00e1ria ao contrastar as revolu\u00e7\u00f5es seculares, como a Revolu\u00e7\u00e3o Francesa, com a revolu\u00e7\u00e3o impulsionada pela f\u00e9 do Israel antigo. Ao final, ele concluiu que a hist\u00f3ria do \u00caxodo revela uma vis\u00e3o de liberdade mais elevada, mais rica e mais profunda que j\u00e1 existiu.<Br><br \/>\n<Br><br \/>\nO contraste que Guinness prop\u00f5e entre &#8220;Paris&#8221; e &#8220;Sinai&#8221; revela uma abordagem que distingue dois tipos de revolu\u00e7\u00e3o e suas diferentes perspectivas acerca da natureza, da igualdade e da liberdade humanas. Ao tornar o \u00caxodo a Carta Magna da humanidade, o autor prop\u00f5e uma vis\u00e3o construtiva de uma sociedade moralmente respons\u00e1vel, de pessoas independentes e livres, e que celebram uma alian\u00e7a umas com as outras, visando a justi\u00e7a, a paz, a estabilidade e o bem comum da comunidade.<Br><\/p>\n","protected":false},"excerpt":{"rendered":"<p>Nesse livro, Os Guinness investigou a natureza da f\u00e9 revolucion\u00e1ria ao contrastar as revolu\u00e7\u00f5es seculares, como a Revolu\u00e7\u00e3o Francesa, com&hellip;<\/p>\n","protected":false},"featured_media":344884,"comment_status":"open","ping_status":"closed","template":"","meta":[],"product_cat":[143,142],"product_tag":[],"_links":{"self":[{"href":"https:\/\/www.livrariarema.com.br\/loja\/wp-json\/wp\/v2\/product\/201204"}],"collection":[{"href":"https:\/\/www.livrariarema.com.br\/loja\/wp-json\/wp\/v2\/product"}],"about":[{"href":"https:\/\/www.livrariarema.com.br\/loja\/wp-json\/wp\/v2\/types\/product"}],"replies":[{"embeddable":true,"href":"https:\/\/www.livrariarema.com.br\/loja\/wp-json\/wp\/v2\/comments?post=201204"}],"wp:featuredmedia":[{"embeddable":true,"href":"https:\/\/www.livrariarema.com.br\/loja\/wp-json\/wp\/v2\/media\/344884"}],"wp:attachment":[{"href":"https:\/\/www.livrariarema.com.br\/loja\/wp-json\/wp\/v2\/media?parent=201204"}],"wp:term":[{"taxonomy":"product_cat","embeddable":true,"href":"https:\/\/www.livrariarema.com.br\/loja\/wp-json\/wp\/v2\/product_cat?post=201204"},{"taxonomy":"product_tag","embeddable":true,"href":"https:\/\/www.livrariarema.com.br\/loja\/wp-json\/wp\/v2\/product_tag?post=201204"}],"curies":[{"name":"wp","href":"https:\/\/api.w.org\/{rel}","templated":true}]}}