{"id":201232,"date":"2022-12-06T18:21:01","date_gmt":"2022-12-06T21:21:01","guid":{"rendered":"https:\/\/www.livrariarema.com.br\/loja\/produtos\/sem categoria\/ra067bs-biblia-shedd-luxo-preta\/"},"modified":"2025-12-22T11:02:28","modified_gmt":"2025-12-22T14:02:28","slug":"ra067bs-biblia-shedd-luxo-preta","status":"publish","type":"product","link":"https:\/\/www.livrariarema.com.br\/loja\/produtos\/biblias\/estudo\/ra067bs-biblia-shedd-luxo-preta\/","title":{"rendered":"Ra067bs &#8211; B\u00edblia Shedd &#8211; Luxo &#8211; Preta"},"content":{"rendered":"<p>A primeira B\u00edblia de estudos com notas totalmente desenvolvidas no contexto da igreja brasileira.<Br><br \/>\n<Br><br \/>\nCada livro da B\u00edblia \u00e9 aberto com uma introdu\u00e7\u00e3o desenvolvida pelo dr. Russell Shedd. Um minucioso esbo\u00e7o da estrutura do livro complementa o conjunto de ferramentas singulares da B\u00edblia de Estudos Shedd.<Br><br \/>\nS\u00e3o mais de 10 mil coment\u00e1rios em notas de rodap\u00e9<Br><br \/>\nCont\u00e9m 117 p\u00e1ginas de concord\u00e2ncia b\u00edblica: 15 mapas coloridos; cronologia b\u00edblica; tabela de pesos, dinheiro e medidas.<Br><br \/>\nCentenas de notas explicativas que auxiliam o pregador ou l\u00edder de pequenos grupos na prepara\u00e7\u00e3o de serm\u00f5es e estudos.<Br><br \/>\nTradu\u00e7\u00e3o de Jo\u00e3o Ferreira de Almeida &#8211; Revista e Atualizada<Br><\/p>\n","protected":false},"excerpt":{"rendered":"<p>A primeira B\u00edblia de estudos com notas totalmente desenvolvidas no contexto da igreja brasileira. Cada livro da B\u00edblia \u00e9 aberto&hellip;<\/p>\n","protected":false},"featured_media":341740,"comment_status":"open","ping_status":"closed","template":"","meta":[],"product_cat":[139,140],"product_tag":[],"_links":{"self":[{"href":"https:\/\/www.livrariarema.com.br\/loja\/wp-json\/wp\/v2\/product\/201232"}],"collection":[{"href":"https:\/\/www.livrariarema.com.br\/loja\/wp-json\/wp\/v2\/product"}],"about":[{"href":"https:\/\/www.livrariarema.com.br\/loja\/wp-json\/wp\/v2\/types\/product"}],"replies":[{"embeddable":true,"href":"https:\/\/www.livrariarema.com.br\/loja\/wp-json\/wp\/v2\/comments?post=201232"}],"wp:featuredmedia":[{"embeddable":true,"href":"https:\/\/www.livrariarema.com.br\/loja\/wp-json\/wp\/v2\/media\/341740"}],"wp:attachment":[{"href":"https:\/\/www.livrariarema.com.br\/loja\/wp-json\/wp\/v2\/media?parent=201232"}],"wp:term":[{"taxonomy":"product_cat","embeddable":true,"href":"https:\/\/www.livrariarema.com.br\/loja\/wp-json\/wp\/v2\/product_cat?post=201232"},{"taxonomy":"product_tag","embeddable":true,"href":"https:\/\/www.livrariarema.com.br\/loja\/wp-json\/wp\/v2\/product_tag?post=201232"}],"curies":[{"name":"wp","href":"https:\/\/api.w.org\/{rel}","templated":true}]}}