{"id":201265,"date":"2022-12-06T18:24:22","date_gmt":"2022-12-06T21:24:22","guid":{"rendered":"https:\/\/www.livrariarema.com.br\/loja\/produtos\/sem categoria\/serie-teologia-biblica-bencao-divina-e-a-plenitude-de-vida-na-presenca-de-deus-william-r-osborne\/"},"modified":"2026-02-20T13:45:23","modified_gmt":"2026-02-20T16:45:23","slug":"serie-teologia-biblica-bencao-divina-e-a-plenitude-de-vida-na-presenca-de-deus-william-r-osborne","status":"publish","type":"product","link":"https:\/\/www.livrariarema.com.br\/loja\/produtos\/livros\/teologia\/serie-teologia-biblica-bencao-divina-e-a-plenitude-de-vida-na-presenca-de-deus-william-r-osborne\/","title":{"rendered":"S\u00e9rie Teologia B\u00edblica &#8211; B\u00ean\u00e7\u00e3o Divina E A Plenitude De Vida Na Presen\u00e7a De Deus -William R. Osborne"},"content":{"rendered":"<p>O conceito de b\u00ean\u00e7\u00e3o permeia a vida cotidiana dos crist\u00e3os &#8211; desde os testemunhos que contam da provis\u00e3o de Deus, passando pelos c\u00e2nticos de louvor, at\u00e9 o nosso desejo pelo bem-estar das pessoas. De fato, o termo foi t\u00e3o integrado \u00e0 linguagem crist\u00e3 que raramente \u00e9 considerado com pondera\u00e7\u00e3o. Ao ler as Escrituras, podemos ter a impress\u00e3o de que a b\u00ean\u00e7\u00e3o \u00e9 f\u00edsica ou espiritual, mas uma abordagem b\u00edblico-teol\u00f3gica mais completa revela que a b\u00ean\u00e7\u00e3o de Deus sempre incluiu as duas coisas. Em A b\u00ean\u00e7\u00e3o divina, William Osborne tra\u00e7a o tema da b\u00ean\u00e7\u00e3o ao longo das Escrituras e orienta os leitores a uma compreens\u00e3o mais profunda de como a benevol\u00eancia graciosa de Deus afeta a vida cotidiana dos crist\u00e3os.<\/p>\n","protected":false},"excerpt":{"rendered":"<p>O conceito de b\u00ean\u00e7\u00e3o permeia a vida cotidiana dos crist\u00e3os &#8211; desde os testemunhos que contam da provis\u00e3o de Deus,&hellip;<\/p>\n","protected":false},"featured_media":345130,"comment_status":"open","ping_status":"closed","template":"","meta":[],"product_cat":[134,136],"product_tag":[],"_links":{"self":[{"href":"https:\/\/www.livrariarema.com.br\/loja\/wp-json\/wp\/v2\/product\/201265"}],"collection":[{"href":"https:\/\/www.livrariarema.com.br\/loja\/wp-json\/wp\/v2\/product"}],"about":[{"href":"https:\/\/www.livrariarema.com.br\/loja\/wp-json\/wp\/v2\/types\/product"}],"replies":[{"embeddable":true,"href":"https:\/\/www.livrariarema.com.br\/loja\/wp-json\/wp\/v2\/comments?post=201265"}],"wp:featuredmedia":[{"embeddable":true,"href":"https:\/\/www.livrariarema.com.br\/loja\/wp-json\/wp\/v2\/media\/345130"}],"wp:attachment":[{"href":"https:\/\/www.livrariarema.com.br\/loja\/wp-json\/wp\/v2\/media?parent=201265"}],"wp:term":[{"taxonomy":"product_cat","embeddable":true,"href":"https:\/\/www.livrariarema.com.br\/loja\/wp-json\/wp\/v2\/product_cat?post=201265"},{"taxonomy":"product_tag","embeddable":true,"href":"https:\/\/www.livrariarema.com.br\/loja\/wp-json\/wp\/v2\/product_tag?post=201265"}],"curies":[{"name":"wp","href":"https:\/\/api.w.org\/{rel}","templated":true}]}}