{"id":201732,"date":"2022-12-08T14:30:50","date_gmt":"2022-12-08T17:30:50","guid":{"rendered":"https:\/\/www.livrariarema.com.br\/loja\/produtos\/sem%20categoria\/revolucao-dos-improvaveis-carlos-damasceno\/"},"modified":"2026-05-06T15:23:53","modified_gmt":"2026-05-06T18:23:53","slug":"revolucao-dos-improvaveis-carlos-damasceno","status":"publish","type":"product","link":"https:\/\/www.livrariarema.com.br\/loja\/produtos\/promocao\/livros-promocao\/revolucao-dos-improvaveis-carlos-damasceno\/","title":{"rendered":"Revolu\u00e7\u00e3o Dos Improv\u00e1veis &#8211; Carlos Damasceno"},"content":{"rendered":"<p>&#8220;Deus se move com quem se move!&#8221;<br \/>\nPara que venha \u00e0 tona aquilo que voc\u00ea deseja, \u00e9 preciso dar o primeiro passo. Ciente de que n\u00e3o \u00e9 f\u00e1cil, em Revolu\u00e7\u00e3o dos improv\u00e1veis, Carlos Damasceno responde a questionamentos como:<br \/>\n&#8211; Como dar o primeiro passo se n\u00e3o me sinto preparado?,<br \/>\n&#8211; Como me tornar grande se n\u00e3o sou favorito?,<br \/>\n&#8211; Como acreditar que posso conquistar se nunca venci em nada?<br \/>\nVoc\u00ea aprender\u00e1 a vencer dificuldades como anonimato, rejei\u00e7\u00e3o, ofensa, acomoda\u00e7\u00e3o, megalomania, &#8220;multifoco&#8221;, status quo, modus operandi, bajula\u00e7\u00e3o e falta de identidade. Com isso, voc\u00ea ver\u00e1 a revolu\u00e7\u00e3o come\u00e7ar. Revolu\u00e7\u00e3o dos improv\u00e1veis traz instru\u00e7\u00e3o, for\u00e7a e sabedoria que levar\u00e3o voc\u00ea a vencer, mesmo que n\u00e3o seja favorito.<\/p>\n","protected":false},"excerpt":{"rendered":"<p>&#8220;Deus se move com quem se move!&#8221; Para que venha \u00e0 tona aquilo que voc\u00ea deseja, \u00e9 preciso dar o&hellip;<\/p>\n","protected":false},"featured_media":347958,"comment_status":"open","ping_status":"closed","template":"","meta":[],"product_cat":[143,142],"product_tag":[],"_links":{"self":[{"href":"https:\/\/www.livrariarema.com.br\/loja\/wp-json\/wp\/v2\/product\/201732"}],"collection":[{"href":"https:\/\/www.livrariarema.com.br\/loja\/wp-json\/wp\/v2\/product"}],"about":[{"href":"https:\/\/www.livrariarema.com.br\/loja\/wp-json\/wp\/v2\/types\/product"}],"replies":[{"embeddable":true,"href":"https:\/\/www.livrariarema.com.br\/loja\/wp-json\/wp\/v2\/comments?post=201732"}],"wp:featuredmedia":[{"embeddable":true,"href":"https:\/\/www.livrariarema.com.br\/loja\/wp-json\/wp\/v2\/media\/347958"}],"wp:attachment":[{"href":"https:\/\/www.livrariarema.com.br\/loja\/wp-json\/wp\/v2\/media?parent=201732"}],"wp:term":[{"taxonomy":"product_cat","embeddable":true,"href":"https:\/\/www.livrariarema.com.br\/loja\/wp-json\/wp\/v2\/product_cat?post=201732"},{"taxonomy":"product_tag","embeddable":true,"href":"https:\/\/www.livrariarema.com.br\/loja\/wp-json\/wp\/v2\/product_tag?post=201732"}],"curies":[{"name":"wp","href":"https:\/\/api.w.org\/{rel}","templated":true}]}}