{"id":201758,"date":"2022-12-08T14:32:23","date_gmt":"2022-12-08T17:32:23","guid":{"rendered":"https:\/\/www.livrariarema.com.br\/loja\/produtos\/sem categoria\/biblia-nvi-de-estudo-preta\/"},"modified":"2025-07-17T12:17:02","modified_gmt":"2025-07-17T15:17:02","slug":"biblia-nvi-de-estudo-preta","status":"publish","type":"product","link":"https:\/\/www.livrariarema.com.br\/loja\/produtos\/biblias\/estudo\/biblia-nvi-de-estudo-preta\/","title":{"rendered":"B\u00edblia &#8211; Nvi &#8211; De Estudo &#8211; Preta"},"content":{"rendered":"<p>A B\u00edblia de estudo NVI \u00e9 reconhecidamente a maior e mais completa do g\u00eanero em todo o mundo. Nenhuma outra a supera em benef\u00edcios e vantagens para quem ama estudar as Escrituras Sagradas. Al\u00e9m disso, a equipe de especialistas que preparou suas notas explicativas representa as diversas correntes da f\u00e9 evang\u00e9lica. Isso trouxe equil\u00edbrio e relev\u00e2ncia no tratamento de quest\u00f5es pol\u00eamicas e dif\u00edceis de obter consenso.<\/p>\n","protected":false},"excerpt":{"rendered":"<p>A B\u00edblia de estudo NVI \u00e9 reconhecidamente a maior e mais completa do g\u00eanero em todo o mundo. Nenhuma outra&hellip;<\/p>\n","protected":false},"featured_media":333868,"comment_status":"open","ping_status":"closed","template":"","meta":[],"product_cat":[139,140],"product_tag":[],"_links":{"self":[{"href":"https:\/\/www.livrariarema.com.br\/loja\/wp-json\/wp\/v2\/product\/201758"}],"collection":[{"href":"https:\/\/www.livrariarema.com.br\/loja\/wp-json\/wp\/v2\/product"}],"about":[{"href":"https:\/\/www.livrariarema.com.br\/loja\/wp-json\/wp\/v2\/types\/product"}],"replies":[{"embeddable":true,"href":"https:\/\/www.livrariarema.com.br\/loja\/wp-json\/wp\/v2\/comments?post=201758"}],"wp:featuredmedia":[{"embeddable":true,"href":"https:\/\/www.livrariarema.com.br\/loja\/wp-json\/wp\/v2\/media\/333868"}],"wp:attachment":[{"href":"https:\/\/www.livrariarema.com.br\/loja\/wp-json\/wp\/v2\/media?parent=201758"}],"wp:term":[{"taxonomy":"product_cat","embeddable":true,"href":"https:\/\/www.livrariarema.com.br\/loja\/wp-json\/wp\/v2\/product_cat?post=201758"},{"taxonomy":"product_tag","embeddable":true,"href":"https:\/\/www.livrariarema.com.br\/loja\/wp-json\/wp\/v2\/product_tag?post=201758"}],"curies":[{"name":"wp","href":"https:\/\/api.w.org\/{rel}","templated":true}]}}