{"id":201986,"date":"2022-12-09T12:11:35","date_gmt":"2022-12-09T15:11:35","guid":{"rendered":"https:\/\/www.livrariarema.com.br\/loja\/produtos\/sem categoria\/caneta-esferografica-tris-happy-0-7mm\/"},"modified":"2026-03-31T13:51:06","modified_gmt":"2026-03-31T16:51:06","slug":"caneta-esferografica-tris-happy-0-7mm","status":"publish","type":"product","link":"https:\/\/www.livrariarema.com.br\/loja\/produtos\/papelaria\/canetas\/caneta-esferografica-tris-happy-0-7mm\/","title":{"rendered":"Caneta Esferogr\u00e1fica &#8211; Tris &#8211; Happy &#8211; 0.7Mm"},"content":{"rendered":"<p>Com estampas lindas e divertidas, a caneta Happy possui ponta 1.0mm e tinta azul de tra\u00e7o super macio, al\u00e9m de pega triangular muito confort\u00e1vel! Em 4 op\u00e7\u00f5es de cores de corpo super colorido pra voc\u00ea escolher!<\/p>\n<p>* Vendido Individualmente *<\/p>\n","protected":false},"excerpt":{"rendered":"<p>Com estampas lindas e divertidas, a caneta Happy possui ponta 1.0mm e tinta azul de tra\u00e7o super macio, al\u00e9m de&hellip;<\/p>\n","protected":false},"featured_media":301031,"comment_status":"open","ping_status":"closed","template":"","meta":[],"product_cat":[216,215],"product_tag":[],"_links":{"self":[{"href":"https:\/\/www.livrariarema.com.br\/loja\/wp-json\/wp\/v2\/product\/201986"}],"collection":[{"href":"https:\/\/www.livrariarema.com.br\/loja\/wp-json\/wp\/v2\/product"}],"about":[{"href":"https:\/\/www.livrariarema.com.br\/loja\/wp-json\/wp\/v2\/types\/product"}],"replies":[{"embeddable":true,"href":"https:\/\/www.livrariarema.com.br\/loja\/wp-json\/wp\/v2\/comments?post=201986"}],"wp:featuredmedia":[{"embeddable":true,"href":"https:\/\/www.livrariarema.com.br\/loja\/wp-json\/wp\/v2\/media\/301031"}],"wp:attachment":[{"href":"https:\/\/www.livrariarema.com.br\/loja\/wp-json\/wp\/v2\/media?parent=201986"}],"wp:term":[{"taxonomy":"product_cat","embeddable":true,"href":"https:\/\/www.livrariarema.com.br\/loja\/wp-json\/wp\/v2\/product_cat?post=201986"},{"taxonomy":"product_tag","embeddable":true,"href":"https:\/\/www.livrariarema.com.br\/loja\/wp-json\/wp\/v2\/product_tag?post=201986"}],"curies":[{"name":"wp","href":"https:\/\/api.w.org\/{rel}","templated":true}]}}