{"id":201992,"date":"2022-12-09T12:11:51","date_gmt":"2022-12-09T15:11:51","guid":{"rendered":"https:\/\/www.livrariarema.com.br\/loja\/produtos\/sem categoria\/borracha-tris-holic-gelato\/"},"modified":"2025-12-11T12:42:53","modified_gmt":"2025-12-11T15:42:53","slug":"borracha-tris-holic-gelato","status":"publish","type":"product","link":"https:\/\/www.livrariarema.com.br\/loja\/produtos\/papelaria\/borracha\/borracha-tris-holic-gelato\/","title":{"rendered":"Borracha &#8211; Tris &#8211; Holic &#8211; Gelato"},"content":{"rendered":"<p>Estampa de sorvetinho por todo o interior da borracha! <br \/>\nPossui textura SUPER macia e tecnologia DUST FREE que gera menos res\u00edduos. <br \/>\nCada borracha \u00e9 embalada individualmente e com sistema abre f\u00e1cil. S\u00e3o 3 estampas lindas pra voc\u00ea escolher! <\/p>\n<p>Registro Inmetro 003088\/2018<\/p>\n<p>* Vendido Individualmente *<\/p>\n","protected":false},"excerpt":{"rendered":"<p>Estampa de sorvetinho por todo o interior da borracha! Possui textura SUPER macia e tecnologia DUST FREE que gera menos&hellip;<\/p>\n","protected":false},"featured_media":291459,"comment_status":"open","ping_status":"closed","template":"","meta":[],"product_cat":[281,215],"product_tag":[],"_links":{"self":[{"href":"https:\/\/www.livrariarema.com.br\/loja\/wp-json\/wp\/v2\/product\/201992"}],"collection":[{"href":"https:\/\/www.livrariarema.com.br\/loja\/wp-json\/wp\/v2\/product"}],"about":[{"href":"https:\/\/www.livrariarema.com.br\/loja\/wp-json\/wp\/v2\/types\/product"}],"replies":[{"embeddable":true,"href":"https:\/\/www.livrariarema.com.br\/loja\/wp-json\/wp\/v2\/comments?post=201992"}],"wp:featuredmedia":[{"embeddable":true,"href":"https:\/\/www.livrariarema.com.br\/loja\/wp-json\/wp\/v2\/media\/291459"}],"wp:attachment":[{"href":"https:\/\/www.livrariarema.com.br\/loja\/wp-json\/wp\/v2\/media?parent=201992"}],"wp:term":[{"taxonomy":"product_cat","embeddable":true,"href":"https:\/\/www.livrariarema.com.br\/loja\/wp-json\/wp\/v2\/product_cat?post=201992"},{"taxonomy":"product_tag","embeddable":true,"href":"https:\/\/www.livrariarema.com.br\/loja\/wp-json\/wp\/v2\/product_tag?post=201992"}],"curies":[{"name":"wp","href":"https:\/\/api.w.org\/{rel}","templated":true}]}}