{"id":202790,"date":"2022-12-12T15:00:38","date_gmt":"2022-12-12T18:00:38","guid":{"rendered":"https:\/\/www.livrariarema.com.br\/loja\/produtos\/sem%20categoria\/refil-caderno-argolado-80-folhas-cadersil\/"},"modified":"2024-10-24T22:23:10","modified_gmt":"2024-10-25T01:23:10","slug":"refil-caderno-argolado-80-folhas-cadersil","status":"publish","type":"product","link":"https:\/\/www.livrariarema.com.br\/loja\/produtos\/papelaria\/caderno\/refil-caderno-argolado-80-folhas-cadersil\/","title":{"rendered":"Refil Caderno Colegial Argolado 80 Folhas &#8211; Cadersil"},"content":{"rendered":"<p>Diferenciais:<br \/>\nFolhas pautadas para utiliza\u00e7\u00e3o em caderno argolado.<\/p>\n<p>Informa\u00e7\u00f5es T\u00e9cnicas:<br \/>\nRefil Caderno Colegial Argolado &#8211; Folhas Brancas &#8211; 80 folhas<\/p>\n","protected":false},"excerpt":{"rendered":"<p>Diferenciais: Folhas pautadas para utiliza\u00e7\u00e3o em caderno argolado. Informa\u00e7\u00f5es T\u00e9cnicas: Refil Caderno Colegial Argolado &#8211; Folhas Brancas &#8211; 80 folhas<\/p>\n","protected":false},"featured_media":309869,"comment_status":"open","ping_status":"closed","template":"","meta":[],"product_cat":[230,215],"product_tag":[],"_links":{"self":[{"href":"https:\/\/www.livrariarema.com.br\/loja\/wp-json\/wp\/v2\/product\/202790"}],"collection":[{"href":"https:\/\/www.livrariarema.com.br\/loja\/wp-json\/wp\/v2\/product"}],"about":[{"href":"https:\/\/www.livrariarema.com.br\/loja\/wp-json\/wp\/v2\/types\/product"}],"replies":[{"embeddable":true,"href":"https:\/\/www.livrariarema.com.br\/loja\/wp-json\/wp\/v2\/comments?post=202790"}],"wp:featuredmedia":[{"embeddable":true,"href":"https:\/\/www.livrariarema.com.br\/loja\/wp-json\/wp\/v2\/media\/309869"}],"wp:attachment":[{"href":"https:\/\/www.livrariarema.com.br\/loja\/wp-json\/wp\/v2\/media?parent=202790"}],"wp:term":[{"taxonomy":"product_cat","embeddable":true,"href":"https:\/\/www.livrariarema.com.br\/loja\/wp-json\/wp\/v2\/product_cat?post=202790"},{"taxonomy":"product_tag","embeddable":true,"href":"https:\/\/www.livrariarema.com.br\/loja\/wp-json\/wp\/v2\/product_tag?post=202790"}],"curies":[{"name":"wp","href":"https:\/\/api.w.org\/{rel}","templated":true}]}}