{"id":202792,"date":"2022-12-12T15:00:44","date_gmt":"2022-12-12T18:00:44","guid":{"rendered":"https:\/\/www.livrariarema.com.br\/loja\/produtos\/sem categoria\/caderno-colegial-argolado-80-folhas-cadersil-daydream\/"},"modified":"2024-10-28T05:57:54","modified_gmt":"2024-10-28T08:57:54","slug":"caderno-colegial-argolado-80-folhas-cadersil-daydream","status":"publish","type":"product","link":"https:\/\/www.livrariarema.com.br\/loja\/produtos\/papelaria\/caderno\/caderno-colegial-argolado-80-folhas-cadersil-daydream\/","title":{"rendered":"Caderno Colegial Argolado 80 Folhas &#8211; Cadersil &#8211; Daydream"},"content":{"rendered":"<p>Diferenciais:<br \/>\nBolsa pocket, cartela de adesivos, folhas pautadas, 6 divis\u00f3rias de mat\u00e9rias e ferragem dourada.<\/p>\n<p>Informa\u00e7\u00f5es T\u00e9cnicas:<br \/>\nCaderno Colegial Argolado &#8211; 80 folhas<\/p>\n<p>* Vendido Individualmente *<\/p>\n","protected":false},"excerpt":{"rendered":"<p>Diferenciais: Bolsa pocket, cartela de adesivos, folhas pautadas, 6 divis\u00f3rias de mat\u00e9rias e ferragem dourada. Informa\u00e7\u00f5es T\u00e9cnicas: Caderno Colegial Argolado&hellip;<\/p>\n","protected":false},"featured_media":209839,"comment_status":"open","ping_status":"closed","template":"","meta":[],"product_cat":[230,215],"product_tag":[],"_links":{"self":[{"href":"https:\/\/www.livrariarema.com.br\/loja\/wp-json\/wp\/v2\/product\/202792"}],"collection":[{"href":"https:\/\/www.livrariarema.com.br\/loja\/wp-json\/wp\/v2\/product"}],"about":[{"href":"https:\/\/www.livrariarema.com.br\/loja\/wp-json\/wp\/v2\/types\/product"}],"replies":[{"embeddable":true,"href":"https:\/\/www.livrariarema.com.br\/loja\/wp-json\/wp\/v2\/comments?post=202792"}],"wp:featuredmedia":[{"embeddable":true,"href":"https:\/\/www.livrariarema.com.br\/loja\/wp-json\/wp\/v2\/media\/209839"}],"wp:attachment":[{"href":"https:\/\/www.livrariarema.com.br\/loja\/wp-json\/wp\/v2\/media?parent=202792"}],"wp:term":[{"taxonomy":"product_cat","embeddable":true,"href":"https:\/\/www.livrariarema.com.br\/loja\/wp-json\/wp\/v2\/product_cat?post=202792"},{"taxonomy":"product_tag","embeddable":true,"href":"https:\/\/www.livrariarema.com.br\/loja\/wp-json\/wp\/v2\/product_tag?post=202792"}],"curies":[{"name":"wp","href":"https:\/\/api.w.org\/{rel}","templated":true}]}}