{"id":210022,"date":"2023-01-12T14:55:38","date_gmt":"2023-01-12T17:55:38","guid":{"rendered":"https:\/\/www.livrariarema.com.br\/loja\/produtos\/sem categoria\/daniel-e-os-leoes-muito-famintos-tim-thornborough\/"},"modified":"2025-08-30T11:50:24","modified_gmt":"2025-08-30T14:50:24","slug":"daniel-e-os-leoes-muito-famintos-tim-thornborough","status":"publish","type":"product","link":"https:\/\/www.livrariarema.com.br\/loja\/produtos\/livros\/infantil\/daniel-e-os-leoes-muito-famintos-tim-thornborough\/","title":{"rendered":"Daniel E Os Le\u00f5es Muito Famintos &#8211; Tim Thornborough"},"content":{"rendered":"<p>Nesta releitura inovadora e fiel de uma hist\u00f3ria cl\u00e1ssica da B\u00edblia, crian\u00e7as a partir de 1 ano descobrir\u00e3o como Deus protegeu seu fiel servo Daniel dos le\u00f5es famintos. Junto com o rei Dario, as crian\u00e7as aprender\u00e3o que Deus \u00e9 o \u00fanico Deus verdadeiro que vive para sempre. Ele ensina algumas habilidades lingu\u00edsticas interessantes para crian\u00e7as e tem ilustra\u00e7\u00f5es brilhantes, coloridas e divertidas.<\/p>\n","protected":false},"excerpt":{"rendered":"<p>Nesta releitura inovadora e fiel de uma hist\u00f3ria cl\u00e1ssica da B\u00edblia, crian\u00e7as a partir de 1 ano descobrir\u00e3o como Deus&hellip;<\/p>\n","protected":false},"featured_media":329494,"comment_status":"open","ping_status":"closed","template":"","meta":[],"product_cat":[144,134],"product_tag":[],"_links":{"self":[{"href":"https:\/\/www.livrariarema.com.br\/loja\/wp-json\/wp\/v2\/product\/210022"}],"collection":[{"href":"https:\/\/www.livrariarema.com.br\/loja\/wp-json\/wp\/v2\/product"}],"about":[{"href":"https:\/\/www.livrariarema.com.br\/loja\/wp-json\/wp\/v2\/types\/product"}],"replies":[{"embeddable":true,"href":"https:\/\/www.livrariarema.com.br\/loja\/wp-json\/wp\/v2\/comments?post=210022"}],"wp:featuredmedia":[{"embeddable":true,"href":"https:\/\/www.livrariarema.com.br\/loja\/wp-json\/wp\/v2\/media\/329494"}],"wp:attachment":[{"href":"https:\/\/www.livrariarema.com.br\/loja\/wp-json\/wp\/v2\/media?parent=210022"}],"wp:term":[{"taxonomy":"product_cat","embeddable":true,"href":"https:\/\/www.livrariarema.com.br\/loja\/wp-json\/wp\/v2\/product_cat?post=210022"},{"taxonomy":"product_tag","embeddable":true,"href":"https:\/\/www.livrariarema.com.br\/loja\/wp-json\/wp\/v2\/product_tag?post=210022"}],"curies":[{"name":"wp","href":"https:\/\/api.w.org\/{rel}","templated":true}]}}