{"id":210024,"date":"2023-01-12T14:55:43","date_gmt":"2023-01-12T17:55:43","guid":{"rendered":"https:\/\/www.livrariarema.com.br\/loja\/produtos\/sem categoria\/davi-e-o-gigante-muito-grande-tim-thornborough\/"},"modified":"2025-10-18T11:21:13","modified_gmt":"2025-10-18T14:21:13","slug":"davi-e-o-gigante-muito-grande-tim-thornborough","status":"publish","type":"product","link":"https:\/\/www.livrariarema.com.br\/loja\/produtos\/livros\/infantil\/davi-e-o-gigante-muito-grande-tim-thornborough\/","title":{"rendered":"Davi E O Gigante Muito Grande &#8211; Tim Thornborough"},"content":{"rendered":"<p>Nesta releitura inovadora e fiel de uma hist\u00f3ria cl\u00e1ssica da B\u00edblia, crian\u00e7as a partir de 1 ano descobrir\u00e3o o que aconteceu quando o pequeno Davi lutou contra o maior gigante, Golias. As crian\u00e7as aprender\u00e3o que Deus \u00e9 maior do que qualquer outra pessoa. Ele ensina algumas habilidades lingu\u00edsticas interessantes para crian\u00e7as e tem ilustra\u00e7\u00f5es brilhantes, coloridas e divertidas.<\/p>\n","protected":false},"excerpt":{"rendered":"<p>Nesta releitura inovadora e fiel de uma hist\u00f3ria cl\u00e1ssica da B\u00edblia, crian\u00e7as a partir de 1 ano descobrir\u00e3o o que&hellip;<\/p>\n","protected":false},"featured_media":321693,"comment_status":"open","ping_status":"closed","template":"","meta":[],"product_cat":[144,134],"product_tag":[],"_links":{"self":[{"href":"https:\/\/www.livrariarema.com.br\/loja\/wp-json\/wp\/v2\/product\/210024"}],"collection":[{"href":"https:\/\/www.livrariarema.com.br\/loja\/wp-json\/wp\/v2\/product"}],"about":[{"href":"https:\/\/www.livrariarema.com.br\/loja\/wp-json\/wp\/v2\/types\/product"}],"replies":[{"embeddable":true,"href":"https:\/\/www.livrariarema.com.br\/loja\/wp-json\/wp\/v2\/comments?post=210024"}],"wp:featuredmedia":[{"embeddable":true,"href":"https:\/\/www.livrariarema.com.br\/loja\/wp-json\/wp\/v2\/media\/321693"}],"wp:attachment":[{"href":"https:\/\/www.livrariarema.com.br\/loja\/wp-json\/wp\/v2\/media?parent=210024"}],"wp:term":[{"taxonomy":"product_cat","embeddable":true,"href":"https:\/\/www.livrariarema.com.br\/loja\/wp-json\/wp\/v2\/product_cat?post=210024"},{"taxonomy":"product_tag","embeddable":true,"href":"https:\/\/www.livrariarema.com.br\/loja\/wp-json\/wp\/v2\/product_tag?post=210024"}],"curies":[{"name":"wp","href":"https:\/\/api.w.org\/{rel}","templated":true}]}}