{"id":210063,"date":"2023-01-12T14:58:59","date_gmt":"2023-01-12T17:58:59","guid":{"rendered":"https:\/\/www.livrariarema.com.br\/loja\/produtos\/sem categoria\/grande-ideia-de-deus-a-trillia-newbell\/"},"modified":"2025-12-05T12:30:46","modified_gmt":"2025-12-05T15:30:46","slug":"grande-ideia-de-deus-a-trillia-newbell","status":"publish","type":"product","link":"https:\/\/www.livrariarema.com.br\/loja\/produtos\/livros\/infantil\/grande-ideia-de-deus-a-trillia-newbell\/","title":{"rendered":"Grande Ideia De Deus, A &#8211; Trillia Newbell"},"content":{"rendered":"<p>Um livro grande com ilustra\u00e7\u00f5es coloridas, de leitura f\u00e1cil e agrad\u00e1vel que apresenta uma ampla vis\u00e3o sobre a cria\u00e7\u00e3o e o amor ao pr\u00f3ximo, pois celebra as diferen\u00e7as. Este livro ajudar\u00e1 as crian\u00e7as a verem como pessoas de todas as origens \u00e9tnicas e sociais s\u00e3o valiosas para Deus e, como Jesus veio para resgatar todos os tipos de pessoas.<\/p>\n","protected":false},"excerpt":{"rendered":"<p>Um livro grande com ilustra\u00e7\u00f5es coloridas, de leitura f\u00e1cil e agrad\u00e1vel que apresenta uma ampla vis\u00e3o sobre a cria\u00e7\u00e3o e&hellip;<\/p>\n","protected":false},"featured_media":335450,"comment_status":"open","ping_status":"closed","template":"","meta":[],"product_cat":[144,134],"product_tag":[],"_links":{"self":[{"href":"https:\/\/www.livrariarema.com.br\/loja\/wp-json\/wp\/v2\/product\/210063"}],"collection":[{"href":"https:\/\/www.livrariarema.com.br\/loja\/wp-json\/wp\/v2\/product"}],"about":[{"href":"https:\/\/www.livrariarema.com.br\/loja\/wp-json\/wp\/v2\/types\/product"}],"replies":[{"embeddable":true,"href":"https:\/\/www.livrariarema.com.br\/loja\/wp-json\/wp\/v2\/comments?post=210063"}],"wp:featuredmedia":[{"embeddable":true,"href":"https:\/\/www.livrariarema.com.br\/loja\/wp-json\/wp\/v2\/media\/335450"}],"wp:attachment":[{"href":"https:\/\/www.livrariarema.com.br\/loja\/wp-json\/wp\/v2\/media?parent=210063"}],"wp:term":[{"taxonomy":"product_cat","embeddable":true,"href":"https:\/\/www.livrariarema.com.br\/loja\/wp-json\/wp\/v2\/product_cat?post=210063"},{"taxonomy":"product_tag","embeddable":true,"href":"https:\/\/www.livrariarema.com.br\/loja\/wp-json\/wp\/v2\/product_tag?post=210063"}],"curies":[{"name":"wp","href":"https:\/\/api.w.org\/{rel}","templated":true}]}}