{"id":210065,"date":"2023-01-12T14:59:04","date_gmt":"2023-01-12T17:59:04","guid":{"rendered":"https:\/\/www.livrariarema.com.br\/loja\/produtos\/sem categoria\/noe-e-o-barco-muito-grande-tim-thornborough\/"},"modified":"2025-12-22T16:42:20","modified_gmt":"2025-12-22T19:42:20","slug":"noe-e-o-barco-muito-grande-tim-thornborough","status":"publish","type":"product","link":"https:\/\/www.livrariarema.com.br\/loja\/produtos\/livros\/infantil\/noe-e-o-barco-muito-grande-tim-thornborough\/","title":{"rendered":"No\u00e9 E O Barco Muito Grande &#8211; Tim Thornborough"},"content":{"rendered":"<p>Nesta releitura inovadora e fiel de uma hist\u00f3ria cl\u00e1ssica da B\u00edblia, crian\u00e7as de 1 a 4 anos descobrir\u00e3o o que aconteceu quando Deus disse a No\u00e9 para construir um barco muito grande. As crian\u00e7as aprender\u00e3o que Deus salva seu povo e sempre cumpre suas promessas. Ele ensina algumas habilidades lingu\u00edsticas interessantes para crian\u00e7as e tem ilustra\u00e7\u00f5es brilhantes, coloridas e divertidas.<\/p>\n","protected":false},"excerpt":{"rendered":"<p>Nesta releitura inovadora e fiel de uma hist\u00f3ria cl\u00e1ssica da B\u00edblia, crian\u00e7as de 1 a 4 anos descobrir\u00e3o o que&hellip;<\/p>\n","protected":false},"featured_media":321036,"comment_status":"open","ping_status":"closed","template":"","meta":[],"product_cat":[144,134],"product_tag":[],"_links":{"self":[{"href":"https:\/\/www.livrariarema.com.br\/loja\/wp-json\/wp\/v2\/product\/210065"}],"collection":[{"href":"https:\/\/www.livrariarema.com.br\/loja\/wp-json\/wp\/v2\/product"}],"about":[{"href":"https:\/\/www.livrariarema.com.br\/loja\/wp-json\/wp\/v2\/types\/product"}],"replies":[{"embeddable":true,"href":"https:\/\/www.livrariarema.com.br\/loja\/wp-json\/wp\/v2\/comments?post=210065"}],"wp:featuredmedia":[{"embeddable":true,"href":"https:\/\/www.livrariarema.com.br\/loja\/wp-json\/wp\/v2\/media\/321036"}],"wp:attachment":[{"href":"https:\/\/www.livrariarema.com.br\/loja\/wp-json\/wp\/v2\/media?parent=210065"}],"wp:term":[{"taxonomy":"product_cat","embeddable":true,"href":"https:\/\/www.livrariarema.com.br\/loja\/wp-json\/wp\/v2\/product_cat?post=210065"},{"taxonomy":"product_tag","embeddable":true,"href":"https:\/\/www.livrariarema.com.br\/loja\/wp-json\/wp\/v2\/product_tag?post=210065"}],"curies":[{"name":"wp","href":"https:\/\/api.w.org\/{rel}","templated":true}]}}