{"id":210096,"date":"2023-01-12T16:47:10","date_gmt":"2023-01-12T19:47:10","guid":{"rendered":"https:\/\/www.livrariarema.com.br\/loja\/produtos\/sem%20categoria\/toda-a-escritura-e-michael-f-bird\/"},"modified":"2026-02-24T17:09:21","modified_gmt":"2026-02-24T20:09:21","slug":"toda-a-escritura-e-michael-f-bird","status":"publish","type":"product","link":"https:\/\/www.livrariarema.com.br\/loja\/produtos\/promocao\/livros-promocao\/toda-a-escritura-e-michael-f-bird\/","title":{"rendered":"Toda A Escritura \u00c9&#8230; &#8211; Michael F. Bird"},"content":{"rendered":"<p>ENCONTRE SOLU\u00c7\u00d5ES PARA AS D\u00daVIDAS E OS EQU\u00cdVOCOS MAIS COMUNS A RESPEITO DA B\u00cdBLIA<\/p>\n<p>EM TODA A ESCRITURA \u00c9&#8230;, Michael F. Bird nos presenteia com uma introdu\u00e7\u00e3o concisa e acess\u00edvel da B\u00edblia, abordando aspectos de fundamental import\u00e2ncia, como sua origem, interpreta\u00e7\u00e3o, veracidade e autoridade. Respeitado acad\u00eamico, o autor nos ajuda a desenvolver sete perspectivas equilibradas sobre \u00e1reas importantes no estudo desse livro extraordin\u00e1rio:<br \/>\nComo a B\u00edblia foi escrita.<br \/>\nO que significa &#8220;inspira\u00e7\u00e3o&#8221;.<br \/>\nEm que sentido a B\u00edblia \u00e9 a verdade.<br \/>\nPor que \u00e9 importante que ela esteja ancorada na hist\u00f3ria.<br \/>\nPor que nem sempre a interpreta\u00e7\u00e3o literal \u00e9 a melhor.<br \/>\nComo a B\u00edblia transmite conhecimento, f\u00e9, esperan\u00e7a e amor.<br \/>\nEm que sentido Jesus \u00e9 o centro da Escritura.<br \/>\nEm harmonia com a tradi\u00e7\u00e3o evang\u00e9lica, Toda a Escritura \u00e9&#8230; serve de guia \u00fatil e descomplicado que nos leva a uma maior compreens\u00e3o de temas<br \/>\ncomo inspira\u00e7\u00e3o, canoniza\u00e7\u00e3o, import\u00e2ncia e aplicabilidade da B\u00edblia. Esta \u00e9 uma obra indispens\u00e1vel a todo leitor comprometido com as Escrituras que deseja ampliar sua instru\u00e7\u00e3o b\u00edblica e, assim, fortalecer e amadurecer sua f\u00e9.<\/p>\n","protected":false},"excerpt":{"rendered":"<p>ENCONTRE SOLU\u00c7\u00d5ES PARA AS D\u00daVIDAS E OS EQU\u00cdVOCOS MAIS COMUNS A RESPEITO DA B\u00cdBLIA EM TODA A ESCRITURA \u00c9&#8230;, Michael&hellip;<\/p>\n","protected":false},"featured_media":345390,"comment_status":"open","ping_status":"closed","template":"","meta":[],"product_cat":[143,142],"product_tag":[],"_links":{"self":[{"href":"https:\/\/www.livrariarema.com.br\/loja\/wp-json\/wp\/v2\/product\/210096"}],"collection":[{"href":"https:\/\/www.livrariarema.com.br\/loja\/wp-json\/wp\/v2\/product"}],"about":[{"href":"https:\/\/www.livrariarema.com.br\/loja\/wp-json\/wp\/v2\/types\/product"}],"replies":[{"embeddable":true,"href":"https:\/\/www.livrariarema.com.br\/loja\/wp-json\/wp\/v2\/comments?post=210096"}],"wp:featuredmedia":[{"embeddable":true,"href":"https:\/\/www.livrariarema.com.br\/loja\/wp-json\/wp\/v2\/media\/345390"}],"wp:attachment":[{"href":"https:\/\/www.livrariarema.com.br\/loja\/wp-json\/wp\/v2\/media?parent=210096"}],"wp:term":[{"taxonomy":"product_cat","embeddable":true,"href":"https:\/\/www.livrariarema.com.br\/loja\/wp-json\/wp\/v2\/product_cat?post=210096"},{"taxonomy":"product_tag","embeddable":true,"href":"https:\/\/www.livrariarema.com.br\/loja\/wp-json\/wp\/v2\/product_tag?post=210096"}],"curies":[{"name":"wp","href":"https:\/\/api.w.org\/{rel}","templated":true}]}}