{"id":211037,"date":"2023-01-18T15:59:16","date_gmt":"2023-01-18T18:59:16","guid":{"rendered":"https:\/\/www.livrariarema.com.br\/loja\/produtos\/sem%20categoria\/lapiseira-tris-holic-fancy-0-7mm\/"},"modified":"2026-03-03T13:50:46","modified_gmt":"2026-03-03T16:50:46","slug":"lapiseira-tris-holic-fancy-0-7mm","status":"publish","type":"product","link":"https:\/\/www.livrariarema.com.br\/loja\/produtos\/papelaria\/lapiseira\/lapiseira-tris-holic-fancy-0-7mm\/","title":{"rendered":"Lapiseira &#8211; Tris &#8211; Holic &#8211; Crystal &#8211; 0.7Mm"},"content":{"rendered":"<p>Com cores e estampas cl\u00e1ssicas, mas que nunca saem de moda, a linha Holic Fancy veio para trazer mais estilo e eleg\u00e2ncia para o seu trabalho ou estudo. <br \/>\nA lapiseira Crystal possui cristais no topo, bot\u00e3o para acionar o grafite, corpo emborrachado que deixa a escrita muito mais confort\u00e1vel. <br \/>\nCom ponta retr\u00e1til met\u00e1lica, clip met\u00e1lico e tra\u00e7o 0.7mm ela ser\u00e1 a queridinha do seu estojo!<\/p>\n<p>** Vendido Individualmente **<\/p>\n<p>Registro Inmetro 006842\/2022<\/p>\n","protected":false},"excerpt":{"rendered":"<p>Com cores e estampas cl\u00e1ssicas, mas que nunca saem de moda, a linha Holic Fancy veio para trazer mais estilo&hellip;<\/p>\n","protected":false},"featured_media":320330,"comment_status":"open","ping_status":"closed","template":"","meta":[],"product_cat":[276,215],"product_tag":[],"_links":{"self":[{"href":"https:\/\/www.livrariarema.com.br\/loja\/wp-json\/wp\/v2\/product\/211037"}],"collection":[{"href":"https:\/\/www.livrariarema.com.br\/loja\/wp-json\/wp\/v2\/product"}],"about":[{"href":"https:\/\/www.livrariarema.com.br\/loja\/wp-json\/wp\/v2\/types\/product"}],"replies":[{"embeddable":true,"href":"https:\/\/www.livrariarema.com.br\/loja\/wp-json\/wp\/v2\/comments?post=211037"}],"wp:featuredmedia":[{"embeddable":true,"href":"https:\/\/www.livrariarema.com.br\/loja\/wp-json\/wp\/v2\/media\/320330"}],"wp:attachment":[{"href":"https:\/\/www.livrariarema.com.br\/loja\/wp-json\/wp\/v2\/media?parent=211037"}],"wp:term":[{"taxonomy":"product_cat","embeddable":true,"href":"https:\/\/www.livrariarema.com.br\/loja\/wp-json\/wp\/v2\/product_cat?post=211037"},{"taxonomy":"product_tag","embeddable":true,"href":"https:\/\/www.livrariarema.com.br\/loja\/wp-json\/wp\/v2\/product_tag?post=211037"}],"curies":[{"name":"wp","href":"https:\/\/api.w.org\/{rel}","templated":true}]}}