{"id":211582,"date":"2023-01-23T10:18:23","date_gmt":"2023-01-23T13:18:23","guid":{"rendered":"https:\/\/www.livrariarema.com.br\/loja\/produtos\/sem%20categoria\/como-meus-pais-nutriram-a-minha-fe-elisabeth-elliot\/"},"modified":"2026-03-16T13:25:42","modified_gmt":"2026-03-16T16:25:42","slug":"como-meus-pais-nutriram-a-minha-fe-elisabeth-elliot","status":"publish","type":"product","link":"https:\/\/www.livrariarema.com.br\/loja\/produtos\/promocao\/livros-promocao\/como-meus-pais-nutriram-a-minha-fe-elisabeth-elliot\/","title":{"rendered":"Como Meus Pais Nutriram A Minha F\u00e9 &#8211; Elisabeth Elliot"},"content":{"rendered":"<p>COMO DEVE SER UM LAR CRIST\u00c3O?<br \/>\nNeste livro, Elisabeth Elliot reuniu mem\u00f3rias queridas e discernimentos valiosos obtidos de suas experi\u00eancias ao crescer em um lar crist\u00e3o. Por meio das hist\u00f3rias de seus av\u00f3s, irm\u00e3os e pais, especialmente os escritos de sua m\u00e3e ao longo de 10 anos, Elisabeth mostra a import\u00e2ncia da obedi\u00eancia, ora\u00e7\u00e3o e perd\u00e3o, entre outras li\u00e7\u00f5es que aprendeu quando crian\u00e7a. <br \/>\nSobre algumas, ela escreve:<br \/>\nCONFIAN\u00c7A<br \/>\n&#8220;O estabelecimento da confian\u00e7a de um filho em Deus come\u00e7a com a sua confian\u00e7a na palavra de seus pais.&#8221;<br \/>\nDISCIPLINA<br \/>\n&#8220;\u00c9 importante escolher o tempo certo, o lugar certo e o tom de voz certo quando a corre\u00e7\u00e3o \u00e9 necess\u00e1ria.&#8221; <br \/>\nCORTESIA<br \/>\n &#8220;A cortesia \u00e9 simples e antiquada considera\u00e7\u00e3o. Fa\u00e7a por ele ou por ela o que voc\u00ea gostaria que lhe fizessem.&#8221;<br \/>\nENSINAR PELO EXEMPLO<br \/>\n&#8220;O exemplo dos pais, para o bem ou para o mal, \u00e9 uma influ\u00eancia muito mais profunda do que podemos medir.&#8221;<\/p>\n","protected":false},"excerpt":{"rendered":"<p>COMO DEVE SER UM LAR CRIST\u00c3O? Neste livro, Elisabeth Elliot reuniu mem\u00f3rias queridas e discernimentos valiosos obtidos de suas experi\u00eancias&hellip;<\/p>\n","protected":false},"featured_media":346289,"comment_status":"open","ping_status":"closed","template":"","meta":[],"product_cat":[143,142],"product_tag":[],"_links":{"self":[{"href":"https:\/\/www.livrariarema.com.br\/loja\/wp-json\/wp\/v2\/product\/211582"}],"collection":[{"href":"https:\/\/www.livrariarema.com.br\/loja\/wp-json\/wp\/v2\/product"}],"about":[{"href":"https:\/\/www.livrariarema.com.br\/loja\/wp-json\/wp\/v2\/types\/product"}],"replies":[{"embeddable":true,"href":"https:\/\/www.livrariarema.com.br\/loja\/wp-json\/wp\/v2\/comments?post=211582"}],"wp:featuredmedia":[{"embeddable":true,"href":"https:\/\/www.livrariarema.com.br\/loja\/wp-json\/wp\/v2\/media\/346289"}],"wp:attachment":[{"href":"https:\/\/www.livrariarema.com.br\/loja\/wp-json\/wp\/v2\/media?parent=211582"}],"wp:term":[{"taxonomy":"product_cat","embeddable":true,"href":"https:\/\/www.livrariarema.com.br\/loja\/wp-json\/wp\/v2\/product_cat?post=211582"},{"taxonomy":"product_tag","embeddable":true,"href":"https:\/\/www.livrariarema.com.br\/loja\/wp-json\/wp\/v2\/product_tag?post=211582"}],"curies":[{"name":"wp","href":"https:\/\/api.w.org\/{rel}","templated":true}]}}