{"id":211609,"date":"2023-01-23T11:06:46","date_gmt":"2023-01-23T14:06:46","guid":{"rendered":"https:\/\/www.livrariarema.com.br\/loja\/produtos\/sem categoria\/a-espera-do-amado-debby-jones-e-jackie-kendall\/"},"modified":"2025-05-20T10:24:10","modified_gmt":"2025-05-20T13:24:10","slug":"a-espera-do-amado-debby-jones-e-jackie-kendall","status":"publish","type":"product","link":"https:\/\/www.livrariarema.com.br\/loja\/produtos\/livros\/namoro-sexualidade\/a-espera-do-amado-debby-jones-e-jackie-kendall\/","title":{"rendered":"\u00c0 Espera Do Amado  &#8211; Debby Jones E Jackie Kendall"},"content":{"rendered":"<p>Um livro sobre a arte de espera seu amado; Cristo. Toda mulher precisa de algu\u00e9m que a entenda, honre e ame incondicionalmente. E isso nunca poder\u00e1 ser encontrado em um homem. S\u00f3 o mais perfeito dos noivos, Jesus Cristo, \u00e9 capaz de satisfazer os anseios mais profundos da mulher. Sim, voc\u00ea pode ser feliz! O segredo est\u00e1 em colocar seus sonhos nas m\u00e3os de Deus e sentir-se livre para realizar aquilo que ele deseja para sua vida.<\/p>\n","protected":false},"excerpt":{"rendered":"<p>Um livro sobre a arte de espera seu amado; Cristo. Toda mulher precisa de algu\u00e9m que a entenda, honre e&hellip;<\/p>\n","protected":false},"featured_media":331318,"comment_status":"open","ping_status":"closed","template":"","meta":[],"product_cat":[134,203],"product_tag":[],"_links":{"self":[{"href":"https:\/\/www.livrariarema.com.br\/loja\/wp-json\/wp\/v2\/product\/211609"}],"collection":[{"href":"https:\/\/www.livrariarema.com.br\/loja\/wp-json\/wp\/v2\/product"}],"about":[{"href":"https:\/\/www.livrariarema.com.br\/loja\/wp-json\/wp\/v2\/types\/product"}],"replies":[{"embeddable":true,"href":"https:\/\/www.livrariarema.com.br\/loja\/wp-json\/wp\/v2\/comments?post=211609"}],"wp:featuredmedia":[{"embeddable":true,"href":"https:\/\/www.livrariarema.com.br\/loja\/wp-json\/wp\/v2\/media\/331318"}],"wp:attachment":[{"href":"https:\/\/www.livrariarema.com.br\/loja\/wp-json\/wp\/v2\/media?parent=211609"}],"wp:term":[{"taxonomy":"product_cat","embeddable":true,"href":"https:\/\/www.livrariarema.com.br\/loja\/wp-json\/wp\/v2\/product_cat?post=211609"},{"taxonomy":"product_tag","embeddable":true,"href":"https:\/\/www.livrariarema.com.br\/loja\/wp-json\/wp\/v2\/product_tag?post=211609"}],"curies":[{"name":"wp","href":"https:\/\/api.w.org\/{rel}","templated":true}]}}