{"id":212097,"date":"2023-01-25T10:33:52","date_gmt":"2023-01-25T13:33:52","guid":{"rendered":"https:\/\/www.livrariarema.com.br\/loja\/produtos\/sem categoria\/seja-homem-telmo-martinello\/"},"modified":"2026-03-28T09:51:01","modified_gmt":"2026-03-28T12:51:01","slug":"seja-homem-telmo-martinello","status":"publish","type":"product","link":"https:\/\/www.livrariarema.com.br\/loja\/produtos\/livros\/homem\/seja-homem-telmo-martinello\/","title":{"rendered":"Seja Homem &#8211; Telmo Martinello"},"content":{"rendered":"<p>Seja homem n\u00e3o \u00e9 um manual de regras e passos para que um homem alcance a perfei\u00e7\u00e3o, mas um convite para que homens comuns e imperfeitos possam se aproximar de um Deus perfeito e, assim, serem reposicionados em seu devido e divino lugar e destino. Neste livro, Telmo Martinello aborda temas importantes sobre como crescer e desenvolver-se para se tornar encorajado a assumir a posi\u00e7\u00e3o de homem perante a fam\u00edlia, a igreja e a sociedade. Um resgate \u00e0 hombridade real, \u00e0 autoridade s\u00f3bria, \u00e0 posi\u00e7\u00e3o adequada, ao sacerd\u00f3cio di\u00e1rio, \u00e0 humildade necess\u00e1ria e \u00e0 maturidade exercida.<\/p>\n","protected":false},"excerpt":{"rendered":"<p>Seja homem n\u00e3o \u00e9 um manual de regras e passos para que um homem alcance a perfei\u00e7\u00e3o, mas um convite&hellip;<\/p>\n","protected":false},"featured_media":340566,"comment_status":"open","ping_status":"closed","template":"","meta":[],"product_cat":[152,134],"product_tag":[],"_links":{"self":[{"href":"https:\/\/www.livrariarema.com.br\/loja\/wp-json\/wp\/v2\/product\/212097"}],"collection":[{"href":"https:\/\/www.livrariarema.com.br\/loja\/wp-json\/wp\/v2\/product"}],"about":[{"href":"https:\/\/www.livrariarema.com.br\/loja\/wp-json\/wp\/v2\/types\/product"}],"replies":[{"embeddable":true,"href":"https:\/\/www.livrariarema.com.br\/loja\/wp-json\/wp\/v2\/comments?post=212097"}],"wp:featuredmedia":[{"embeddable":true,"href":"https:\/\/www.livrariarema.com.br\/loja\/wp-json\/wp\/v2\/media\/340566"}],"wp:attachment":[{"href":"https:\/\/www.livrariarema.com.br\/loja\/wp-json\/wp\/v2\/media?parent=212097"}],"wp:term":[{"taxonomy":"product_cat","embeddable":true,"href":"https:\/\/www.livrariarema.com.br\/loja\/wp-json\/wp\/v2\/product_cat?post=212097"},{"taxonomy":"product_tag","embeddable":true,"href":"https:\/\/www.livrariarema.com.br\/loja\/wp-json\/wp\/v2\/product_tag?post=212097"}],"curies":[{"name":"wp","href":"https:\/\/api.w.org\/{rel}","templated":true}]}}