{"id":212272,"date":"2023-01-26T08:54:33","date_gmt":"2023-01-26T11:54:33","guid":{"rendered":"https:\/\/www.livrariarema.com.br\/loja\/produtos\/sem categoria\/52-maneiras-de-memorizar-a-biblia-nancy-s-williamson\/"},"modified":"2026-02-20T13:47:50","modified_gmt":"2026-02-20T16:47:50","slug":"52-maneiras-de-memorizar-a-biblia-nancy-s-williamson","status":"publish","type":"product","link":"https:\/\/www.livrariarema.com.br\/loja\/produtos\/livros\/didatico\/52-maneiras-de-memorizar-a-biblia-nancy-s-williamson\/","title":{"rendered":"52 Maneiras De Memorizar A B\u00edblia &#8211; Nancy S. Williamson"},"content":{"rendered":"<p>A palavra de Deus &#8211; o ensino mais importante que a humanidade j\u00e1 recebeu &#8211; deve ser aprendida e praticada por todos os crist\u00e3os. \u00c9 por meio de suas valiosas promessas, conselhos e profecias que somos guiados, confortados e fortalecidos diariamente.<\/p>\n<p>Memorizar vers\u00edculos b\u00edblicos n\u00e3o s\u00f3 \u00e9 um mandamento da Palavra (Prov\u00e9rbios 4.20-22; Salmo 119.11), como tamb\u00e9m \u00e9 pos\u00edvel a Todas as Pessoas.<\/p>\n<p>Este livro ensina 52 maneiras interessantes &#8211; uma para cada semana do ano &#8211; de o professor ajudar seus alunos a memorizarem vers\u00edculos b\u00edblicos. As atividades que foram testadas e aprovadas, tornam a memoriza\u00e7\u00e3o divertida, interessante e eficaz.<\/p>\n<p>As 52 id\u00e9ias deste livro foram planejadas de modo a fazer com que os alunos se Lembrem, Entendam e Saibam p\u00f4r em pr\u00e1tica os vers\u00edculos b\u00edblicos. Se essas coisas forem prioridade em nosso ensino, veremos a Palavra de Deus frutificando na vida de nossas crian\u00e7as.<\/p>\n","protected":false},"excerpt":{"rendered":"<p>A palavra de Deus &#8211; o ensino mais importante que a humanidade j\u00e1 recebeu &#8211; deve ser aprendida e praticada&hellip;<\/p>\n","protected":false},"featured_media":345139,"comment_status":"open","ping_status":"closed","template":"","meta":[],"product_cat":[185,134],"product_tag":[],"_links":{"self":[{"href":"https:\/\/www.livrariarema.com.br\/loja\/wp-json\/wp\/v2\/product\/212272"}],"collection":[{"href":"https:\/\/www.livrariarema.com.br\/loja\/wp-json\/wp\/v2\/product"}],"about":[{"href":"https:\/\/www.livrariarema.com.br\/loja\/wp-json\/wp\/v2\/types\/product"}],"replies":[{"embeddable":true,"href":"https:\/\/www.livrariarema.com.br\/loja\/wp-json\/wp\/v2\/comments?post=212272"}],"wp:featuredmedia":[{"embeddable":true,"href":"https:\/\/www.livrariarema.com.br\/loja\/wp-json\/wp\/v2\/media\/345139"}],"wp:attachment":[{"href":"https:\/\/www.livrariarema.com.br\/loja\/wp-json\/wp\/v2\/media?parent=212272"}],"wp:term":[{"taxonomy":"product_cat","embeddable":true,"href":"https:\/\/www.livrariarema.com.br\/loja\/wp-json\/wp\/v2\/product_cat?post=212272"},{"taxonomy":"product_tag","embeddable":true,"href":"https:\/\/www.livrariarema.com.br\/loja\/wp-json\/wp\/v2\/product_tag?post=212272"}],"curies":[{"name":"wp","href":"https:\/\/api.w.org\/{rel}","templated":true}]}}