{"id":212296,"date":"2023-01-26T11:21:06","date_gmt":"2023-01-26T14:21:06","guid":{"rendered":"https:\/\/www.livrariarema.com.br\/loja\/produtos\/sem%20categoria\/mestre-giles-daldeia-j-r-r-tolkien\/"},"modified":"2026-04-15T17:11:03","modified_gmt":"2026-04-15T20:11:03","slug":"mestre-giles-daldeia-j-r-r-tolkien","status":"publish","type":"product","link":"https:\/\/www.livrariarema.com.br\/loja\/produtos\/livros\/ficcao\/mestre-giles-daldeia-j-r-r-tolkien\/","title":{"rendered":"Mestre Giles D`Aldeia &#8211; J. R. R.Tolkien"},"content":{"rendered":"<p>Na pacata Aldeia, o fazendeiro Aegidius Ahenobardus Julius Agricola de Hammo (Mestre Giles d&#8217;Aldeia para os \u00edntimos) leva uma vida tranquila com sua esposa e seu cachorro falante, Ganido, at\u00e9 que um dia, um gigante invade suas terras. Mais por sorte do que coragem, Giles consegue espant\u00e1-lo e se transforma no her\u00f3i da regi\u00e3o. O fazendeiro at\u00e9 que se adapta bem \u00e0 nova posi\u00e7\u00e3o de prest\u00edgio, mas o tem\u00edvel drag\u00e3o Chrysophylax resolve atacar o reino, e a tarefa de enfrentar a criatura acaba sobrando para o pobre Mestre Giles.<\/p>\n","protected":false},"excerpt":{"rendered":"<p>Na pacata Aldeia, o fazendeiro Aegidius Ahenobardus Julius Agricola de Hammo (Mestre Giles d&#8217;Aldeia para os \u00edntimos) leva uma vida&hellip;<\/p>\n","protected":false},"featured_media":347026,"comment_status":"open","ping_status":"closed","template":"","meta":[],"product_cat":[162,134],"product_tag":[],"_links":{"self":[{"href":"https:\/\/www.livrariarema.com.br\/loja\/wp-json\/wp\/v2\/product\/212296"}],"collection":[{"href":"https:\/\/www.livrariarema.com.br\/loja\/wp-json\/wp\/v2\/product"}],"about":[{"href":"https:\/\/www.livrariarema.com.br\/loja\/wp-json\/wp\/v2\/types\/product"}],"replies":[{"embeddable":true,"href":"https:\/\/www.livrariarema.com.br\/loja\/wp-json\/wp\/v2\/comments?post=212296"}],"wp:featuredmedia":[{"embeddable":true,"href":"https:\/\/www.livrariarema.com.br\/loja\/wp-json\/wp\/v2\/media\/347026"}],"wp:attachment":[{"href":"https:\/\/www.livrariarema.com.br\/loja\/wp-json\/wp\/v2\/media?parent=212296"}],"wp:term":[{"taxonomy":"product_cat","embeddable":true,"href":"https:\/\/www.livrariarema.com.br\/loja\/wp-json\/wp\/v2\/product_cat?post=212296"},{"taxonomy":"product_tag","embeddable":true,"href":"https:\/\/www.livrariarema.com.br\/loja\/wp-json\/wp\/v2\/product_tag?post=212296"}],"curies":[{"name":"wp","href":"https:\/\/api.w.org\/{rel}","templated":true}]}}