{"id":212298,"date":"2023-01-26T11:21:12","date_gmt":"2023-01-26T14:21:12","guid":{"rendered":"https:\/\/www.livrariarema.com.br\/loja\/produtos\/sem categoria\/ferreiro-do-bosque-maior-j-r-r-tolkien\/"},"modified":"2026-01-28T15:02:55","modified_gmt":"2026-01-28T18:02:55","slug":"ferreiro-do-bosque-maior-j-r-r-tolkien","status":"publish","type":"product","link":"https:\/\/www.livrariarema.com.br\/loja\/produtos\/livros\/ficcao\/ferreiro-do-bosque-maior-j-r-r-tolkien\/","title":{"rendered":"Ferreiro Do Bosque Maior &#8211; J. R. R. Tolkien"},"content":{"rendered":"<p>Bosque Maior \u00e9 uma vila conhecida por suas del\u00edcias culin\u00e1rias e pela tradicional Festividade das Boas Crian\u00e7as. Celebrada a cada 24 anos, a festa tem como ponto alto o Grande Bolo, o qual \u00e9 dividido em 24 peda\u00e7os para as 24 crian\u00e7as convidadas. Naquele ano, o bolo carrega em uma de suas fatias uma estrela m\u00e1gica, passaporte para Fe\u00e9ria, o Reino das Fadas. O premiado \u00e9 o jovem Ferreirinha, que recebe a oportunidade de conhecer maravilhas e perigos ocultos jamais vistos por olhos mortais.<\/p>\n","protected":false},"excerpt":{"rendered":"<p>Bosque Maior \u00e9 uma vila conhecida por suas del\u00edcias culin\u00e1rias e pela tradicional Festividade das Boas Crian\u00e7as. Celebrada a cada&hellip;<\/p>\n","protected":false},"featured_media":343413,"comment_status":"open","ping_status":"closed","template":"","meta":[],"product_cat":[162,134],"product_tag":[],"_links":{"self":[{"href":"https:\/\/www.livrariarema.com.br\/loja\/wp-json\/wp\/v2\/product\/212298"}],"collection":[{"href":"https:\/\/www.livrariarema.com.br\/loja\/wp-json\/wp\/v2\/product"}],"about":[{"href":"https:\/\/www.livrariarema.com.br\/loja\/wp-json\/wp\/v2\/types\/product"}],"replies":[{"embeddable":true,"href":"https:\/\/www.livrariarema.com.br\/loja\/wp-json\/wp\/v2\/comments?post=212298"}],"wp:featuredmedia":[{"embeddable":true,"href":"https:\/\/www.livrariarema.com.br\/loja\/wp-json\/wp\/v2\/media\/343413"}],"wp:attachment":[{"href":"https:\/\/www.livrariarema.com.br\/loja\/wp-json\/wp\/v2\/media?parent=212298"}],"wp:term":[{"taxonomy":"product_cat","embeddable":true,"href":"https:\/\/www.livrariarema.com.br\/loja\/wp-json\/wp\/v2\/product_cat?post=212298"},{"taxonomy":"product_tag","embeddable":true,"href":"https:\/\/www.livrariarema.com.br\/loja\/wp-json\/wp\/v2\/product_tag?post=212298"}],"curies":[{"name":"wp","href":"https:\/\/api.w.org\/{rel}","templated":true}]}}