{"id":212302,"date":"2023-01-26T11:21:21","date_gmt":"2023-01-26T14:21:21","guid":{"rendered":"https:\/\/www.livrariarema.com.br\/loja\/produtos\/sem%20categoria\/natureza-da-terra-media-a-j-r-r-tolkien\/"},"modified":"2026-04-15T17:10:53","modified_gmt":"2026-04-15T20:10:53","slug":"natureza-da-terra-media-a-j-r-r-tolkien","status":"publish","type":"product","link":"https:\/\/www.livrariarema.com.br\/loja\/produtos\/livros\/ficcao\/natureza-da-terra-media-a-j-r-r-tolkien\/","title":{"rendered":"Natureza Da Terra-M\u00e9dia, A &#8211; J. R. R. Tolkien"},"content":{"rendered":"<p>\u00c9 bem conhecido que J.R.R. Tolkien publicou O Hobbit em 1937 e O Senhor dos An\u00e9is em 1954-5. O que pode ser menos conhecido \u00e9 que ele continuou a escrever sobre a Terra-m\u00e9dia praticamente at\u00e9 o fim de sua vida, em 1973.<\/p>\n<p>Para ele, a Terra-m\u00e9dia era parte de um mundo inteiro a ser explorado, e os escritos em A natureza da Terra-m\u00e9dia revelam as viagens que ele fez enquanto buscava entender melhor sua cria\u00e7\u00e3o \u00fanica. Tratando de temas abrangentes, t\u00e3o complexos e profundos, como a metaf\u00edsica da imortalidade, a reencarna\u00e7\u00e3o \u00e9lfica e os poderes dos Valar, aos assuntos mais espec\u00edficos, como a fauna e a flora de N\u00famenor, especificidades geogr\u00e1ficas de Gondor e at\u00e9 sobre quais esp\u00e9cies tinham barba!<\/p>\n<p>Editado por Carl F Hostetter, um dos maiores especialistas em Tolkien do mundo, este novo livro \u00e9 um verdadeiro tesouro que oferece aos leitores a chance de espiar por cima do ombro do Professor Tolkien e observar de perto a Terra-m\u00e9dia.<\/p>\n","protected":false},"excerpt":{"rendered":"<p>\u00c9 bem conhecido que J.R.R. Tolkien publicou O Hobbit em 1937 e O Senhor dos An\u00e9is em 1954-5. O que&hellip;<\/p>\n","protected":false},"featured_media":347025,"comment_status":"open","ping_status":"closed","template":"","meta":[],"product_cat":[162,134],"product_tag":[],"_links":{"self":[{"href":"https:\/\/www.livrariarema.com.br\/loja\/wp-json\/wp\/v2\/product\/212302"}],"collection":[{"href":"https:\/\/www.livrariarema.com.br\/loja\/wp-json\/wp\/v2\/product"}],"about":[{"href":"https:\/\/www.livrariarema.com.br\/loja\/wp-json\/wp\/v2\/types\/product"}],"replies":[{"embeddable":true,"href":"https:\/\/www.livrariarema.com.br\/loja\/wp-json\/wp\/v2\/comments?post=212302"}],"wp:featuredmedia":[{"embeddable":true,"href":"https:\/\/www.livrariarema.com.br\/loja\/wp-json\/wp\/v2\/media\/347025"}],"wp:attachment":[{"href":"https:\/\/www.livrariarema.com.br\/loja\/wp-json\/wp\/v2\/media?parent=212302"}],"wp:term":[{"taxonomy":"product_cat","embeddable":true,"href":"https:\/\/www.livrariarema.com.br\/loja\/wp-json\/wp\/v2\/product_cat?post=212302"},{"taxonomy":"product_tag","embeddable":true,"href":"https:\/\/www.livrariarema.com.br\/loja\/wp-json\/wp\/v2\/product_tag?post=212302"}],"curies":[{"name":"wp","href":"https:\/\/api.w.org\/{rel}","templated":true}]}}