{"id":212307,"date":"2023-01-26T11:21:32","date_gmt":"2023-01-26T14:21:32","guid":{"rendered":"https:\/\/www.livrariarema.com.br\/loja\/produtos\/sem%20categoria\/box-a-historia-da-terra-media-j-r-r-tolkien\/"},"modified":"2026-04-14T12:18:05","modified_gmt":"2026-04-14T15:18:05","slug":"box-a-historia-da-terra-media-j-r-r-tolkien","status":"publish","type":"product","link":"https:\/\/www.livrariarema.com.br\/loja\/produtos\/livros\/ficcao\/box-a-historia-da-terra-media-j-r-r-tolkien\/","title":{"rendered":"Box A Historia Da Terra-Media &#8211; Box 1 &#8211; J. R. R. Tolkien"},"content":{"rendered":"<p>As primeiras vers\u00f5es do Legend\u00e1rio da Terra-m\u00e9dia de Tolkien reunidas e publicadas pela primeira vez no Brasil.<\/p>\n<p>A literatura \u00fanica de J.R.R. Tolkien \u00e9 conhecida principalmente por meio de seus maiores sucessos, os livros O Hobbit, O Senhor dos An\u00e9is e O Silmarillion. Por\u00e9m, o escritor deixou uma vasta quantidade de conte\u00fados complementares que expandem e detalham a mitologia de seu Legend\u00e1rio.<\/p>\n<p>Reunidos e editados por Christopher Tolkien, esses escritos foram publicados entre 1983 e 1996 nos doze livros que comp\u00f5em a celebrada cole\u00e7\u00e3o A Hist\u00f3ria da Terra-m\u00e9dia. A s\u00e9rie mostra o desenvolvimento, ao longo do tempo, da concep\u00e7\u00e3o de Tolkien da Terra-m\u00e9dia como um lugar fict\u00edcio com seus pr\u00f3prios povos, l\u00ednguas e hist\u00f3ria, desde suas primeiras no\u00e7\u00f5es de uma &#8220;mitologia para a Inglaterra&#8221; at\u00e9 o desenvolvimento das hist\u00f3rias que comp\u00f5em O Silmarillion e O Senhor dos An\u00e9is.<\/p>\n<p>Este primeiro box \u00e9 composto pelas obras &#8220;O Livro dos Contos Perdidos 1&#8221; e &#8220;O Livro dos Contos Perdidos 2&#8221;, que apresentam ao leitor \u00e0s primeiras concep\u00e7\u00f5es dos mitos e lendas que vieram a compor o Legend\u00e1rio de Tolkien,  como a cria\u00e7\u00e3o dos Valar (incluindo daqueles que ficaram de fora da vers\u00e3o final de O Silmarillion) e as primeiras grafias e enredos de E\u00e4rendil, o Marinheiro, Ungoliant e Melkor (Morgoth). Em ambos os livros, cada conto \u00e9 acompanhado de notas e coment\u00e1rios de Christopher.<\/p>\n","protected":false},"excerpt":{"rendered":"<p>As primeiras vers\u00f5es do Legend\u00e1rio da Terra-m\u00e9dia de Tolkien reunidas e publicadas pela primeira vez no Brasil. A literatura \u00fanica&hellip;<\/p>\n","protected":false},"featured_media":346990,"comment_status":"open","ping_status":"closed","template":"","meta":[],"product_cat":[162,134],"product_tag":[],"_links":{"self":[{"href":"https:\/\/www.livrariarema.com.br\/loja\/wp-json\/wp\/v2\/product\/212307"}],"collection":[{"href":"https:\/\/www.livrariarema.com.br\/loja\/wp-json\/wp\/v2\/product"}],"about":[{"href":"https:\/\/www.livrariarema.com.br\/loja\/wp-json\/wp\/v2\/types\/product"}],"replies":[{"embeddable":true,"href":"https:\/\/www.livrariarema.com.br\/loja\/wp-json\/wp\/v2\/comments?post=212307"}],"wp:featuredmedia":[{"embeddable":true,"href":"https:\/\/www.livrariarema.com.br\/loja\/wp-json\/wp\/v2\/media\/346990"}],"wp:attachment":[{"href":"https:\/\/www.livrariarema.com.br\/loja\/wp-json\/wp\/v2\/media?parent=212307"}],"wp:term":[{"taxonomy":"product_cat","embeddable":true,"href":"https:\/\/www.livrariarema.com.br\/loja\/wp-json\/wp\/v2\/product_cat?post=212307"},{"taxonomy":"product_tag","embeddable":true,"href":"https:\/\/www.livrariarema.com.br\/loja\/wp-json\/wp\/v2\/product_tag?post=212307"}],"curies":[{"name":"wp","href":"https:\/\/api.w.org\/{rel}","templated":true}]}}