{"id":212309,"date":"2023-01-26T11:21:37","date_gmt":"2023-01-26T14:21:37","guid":{"rendered":"https:\/\/www.livrariarema.com.br\/loja\/produtos\/sem%20categoria\/cronicas-de-narnia-o-leao-a-feiticeira-e-o-guarda-roupa-c-s-lewis\/"},"modified":"2026-04-30T11:27:35","modified_gmt":"2026-04-30T14:27:35","slug":"cronicas-de-narnia-o-leao-a-feiticeira-e-o-guarda-roupa-c-s-lewis","status":"publish","type":"product","link":"https:\/\/www.livrariarema.com.br\/loja\/produtos\/livros\/ficcao\/cronicas-de-narnia-o-leao-a-feiticeira-e-o-guarda-roupa-c-s-lewis\/","title":{"rendered":"Cr\u00f4nicas De N\u00e1rnia &#8211; Vol. 1 &#8211; O Le\u00e3o, A Feiticeira E O Guarda-Roupa &#8211; C. S. Lewis"},"content":{"rendered":"<p>Reinos m\u00e1gicos, criaturas inesquec\u00edveis e batalhas \u00e9picas entre o bem o mal: essas hist\u00f3rias s\u00e3o narradas em As Cr\u00f4nicas de N\u00e1rnia &#8211; uma s\u00e9rie de sete livros que acompanha crian\u00e7as curiosas e suas aventuras entre o nosso mundo e outros universos m\u00e1gicos.<Br><br \/>\n<Br><br \/>\nO Le\u00e3o, a Feiticeira e o Guarda-roupa conta a hist\u00f3ria dos irm\u00e3os Pedro, Susana, Edmundo e L\u00facia Pevensie. Em meio a brincadeiras na casa de um velho professor, eles descobrem um misterioso guarda-roupa que os leva a N\u00e1rnia, um reino m\u00e1gico que sofre de um inverno sem fim desde que Jadis, a temida Feiticeira Branca, tomou o poder. Mas uma antiga profecia &#8211; que envolve justamente quatro crian\u00e7as, al\u00e9m de um fant\u00e1stico le\u00e3o chamado Aslan &#8211; afirma que h\u00e1 esperan\u00e7a para o reino, contanto que se tenha coragem.<Br><br \/>\n<Br><br \/>\nEscrito pelo g\u00eanio C.S. Lewis, O Le\u00e3o, a Feiticeira e o Guarda-roupa foi o primeiro livro lan\u00e7ado da saga de As Cr\u00f4nicas de N\u00e1rnia, em 1950. Esta obra encanta crian\u00e7as e adultos h\u00e1 mais de 70 anos, o que faz dela um dos maiores cl\u00e1ssicos do g\u00eanero infantojuvenil e fant\u00e1stico.<Br><br \/>\n<Br><br \/>\nH\u00e1 muito aguardada pelos f\u00e3s, esta \u00e9 uma edi\u00e7\u00e3o de luxo, a vers\u00e3o definitiva para os amantes de Sr. Tumnus e dos seus amigos da floresta. Com nova tradu\u00e7\u00e3o de Ronald Kyrmse, o livro possui capa dura, soft touch e pintura trilateral, al\u00e9m de ter ilustra\u00e7\u00f5es coloridas de Pauline Baynes, a artista favorita de C.S. Lewis e de seu melhor amigo, J.R.R. Tolkien, autor de &#8220;O Hobbit&#8221; e &#8220;O Senhor dos An\u00e9is&#8221;.<Br><\/p>\n","protected":false},"excerpt":{"rendered":"<p>Reinos m\u00e1gicos, criaturas inesquec\u00edveis e batalhas \u00e9picas entre o bem o mal: essas hist\u00f3rias s\u00e3o narradas em As Cr\u00f4nicas de&hellip;<\/p>\n","protected":false},"featured_media":347777,"comment_status":"open","ping_status":"closed","template":"","meta":[],"product_cat":[162,134],"product_tag":[],"_links":{"self":[{"href":"https:\/\/www.livrariarema.com.br\/loja\/wp-json\/wp\/v2\/product\/212309"}],"collection":[{"href":"https:\/\/www.livrariarema.com.br\/loja\/wp-json\/wp\/v2\/product"}],"about":[{"href":"https:\/\/www.livrariarema.com.br\/loja\/wp-json\/wp\/v2\/types\/product"}],"replies":[{"embeddable":true,"href":"https:\/\/www.livrariarema.com.br\/loja\/wp-json\/wp\/v2\/comments?post=212309"}],"wp:featuredmedia":[{"embeddable":true,"href":"https:\/\/www.livrariarema.com.br\/loja\/wp-json\/wp\/v2\/media\/347777"}],"wp:attachment":[{"href":"https:\/\/www.livrariarema.com.br\/loja\/wp-json\/wp\/v2\/media?parent=212309"}],"wp:term":[{"taxonomy":"product_cat","embeddable":true,"href":"https:\/\/www.livrariarema.com.br\/loja\/wp-json\/wp\/v2\/product_cat?post=212309"},{"taxonomy":"product_tag","embeddable":true,"href":"https:\/\/www.livrariarema.com.br\/loja\/wp-json\/wp\/v2\/product_tag?post=212309"}],"curies":[{"name":"wp","href":"https:\/\/api.w.org\/{rel}","templated":true}]}}