{"id":212493,"date":"2023-01-26T13:11:59","date_gmt":"2023-01-26T16:11:59","guid":{"rendered":"https:\/\/www.livrariarema.com.br\/loja\/produtos\/sem categoria\/biblia-de-estudo-thomas-nelson-azul\/"},"modified":"2026-03-04T12:28:15","modified_gmt":"2026-03-04T15:28:15","slug":"biblia-de-estudo-thomas-nelson-azul","status":"publish","type":"product","link":"https:\/\/www.livrariarema.com.br\/loja\/produtos\/biblias\/estudo\/biblia-de-estudo-thomas-nelson-azul\/","title":{"rendered":"B\u00edblia De Estudo Thomas Nelson &#8211; Azul"},"content":{"rendered":"<p>A B\u00edblia de Estudo Thomas Nelson (BETN) \u00e9 um marco na hist\u00f3ria das B\u00edblias comentadas. Diferentemente de outras B\u00edblias de estudo, a BETN tem como fio guia a teologia b\u00edblica. Com essa proposta \u00fanica, ela permite ao leitor ponderar as hist\u00f3rias e os temas individuais das Escrituras, ao mesmo tempo em que observa como todos eles se encaixam na grande narrativa de Deus ao longo de sua Palavra, o que promove uma compreens\u00e3o mais clara da B\u00edblia &#8211; n\u00e3o apenas de suas partes, mas tamb\u00e9m de sua hist\u00f3ria como um todo. Siga o plano da reden\u00e7\u00e3o \u00e0 medida que ele se revela pelas Escrituras.<\/p>\n<p>Entre as ferramentas da BETN, est\u00e3o:<br \/>\n&#8211; Mais de 50.000 recursos: entre coment\u00e1rios, notas de estudo, artigos de especialistas, ilustra\u00e7\u00f5es, mapas, gr\u00e1ficos, fotos, concord\u00e2ncia e sistema de refer\u00eancias cruzadas<br \/>\n&#8211; Textos de mais de 60 conceituados acad\u00eamicos crist\u00e3os, como Timothy Keller, Craig L. Blomberg, T. D. Alexander, Kevin DeYoung, Mois\u00e9s Silva, Douglas J. Moo, Tremper Longman III, entre outros<br \/>\n&#8211; 28 artigos b\u00edblico-teol\u00f3gicos que descortinam temas-chave das Escrituras<br \/>\n&#8211; Introdu\u00e7\u00f5es Abrangentes, \u00fateis e relevantes a cada livro das Escrituras e das se\u00e7\u00f5es b\u00edblicas<br \/>\n&#8211; Mais de 60 gr\u00e1ficos e diagramas<br \/>\n&#8211; Milhares de refer\u00eancias b\u00edblicas cruzadas<br \/>\n&#8211; Centenas de fotografias coloridas com legendas explicativas<br \/>\n&#8211; Mais de 90 mapas coloridos<br \/>\n&#8211; Fonte Leitura Perfeita, uma tipologia exclusiva que integra os melhores avan\u00e7os em tipografia de B\u00edblias modernas<br \/>\n&#8211; Texto da B\u00edblia em coluna \u00fanica com miolo colorido<br \/>\n&#8211; Texto completo da Nova Vers\u00e3o Internacional (NVI), uma tradu\u00e7\u00e3o contempor\u00e2nea e fiel aos originais<br \/>\n&#8211; Costura perimetral e dois fitilhos marcadores<\/p>\n","protected":false},"excerpt":{"rendered":"<p>A B\u00edblia de Estudo Thomas Nelson (BETN) \u00e9 um marco na hist\u00f3ria das B\u00edblias comentadas. Diferentemente de outras B\u00edblias de&hellip;<\/p>\n","protected":false},"featured_media":345772,"comment_status":"open","ping_status":"closed","template":"","meta":[],"product_cat":[139,140],"product_tag":[],"_links":{"self":[{"href":"https:\/\/www.livrariarema.com.br\/loja\/wp-json\/wp\/v2\/product\/212493"}],"collection":[{"href":"https:\/\/www.livrariarema.com.br\/loja\/wp-json\/wp\/v2\/product"}],"about":[{"href":"https:\/\/www.livrariarema.com.br\/loja\/wp-json\/wp\/v2\/types\/product"}],"replies":[{"embeddable":true,"href":"https:\/\/www.livrariarema.com.br\/loja\/wp-json\/wp\/v2\/comments?post=212493"}],"wp:featuredmedia":[{"embeddable":true,"href":"https:\/\/www.livrariarema.com.br\/loja\/wp-json\/wp\/v2\/media\/345772"}],"wp:attachment":[{"href":"https:\/\/www.livrariarema.com.br\/loja\/wp-json\/wp\/v2\/media?parent=212493"}],"wp:term":[{"taxonomy":"product_cat","embeddable":true,"href":"https:\/\/www.livrariarema.com.br\/loja\/wp-json\/wp\/v2\/product_cat?post=212493"},{"taxonomy":"product_tag","embeddable":true,"href":"https:\/\/www.livrariarema.com.br\/loja\/wp-json\/wp\/v2\/product_tag?post=212493"}],"curies":[{"name":"wp","href":"https:\/\/api.w.org\/{rel}","templated":true}]}}