{"id":213593,"date":"2023-01-30T16:57:27","date_gmt":"2023-01-30T19:57:27","guid":{"rendered":"https:\/\/www.livrariarema.com.br\/loja\/produtos\/sem%20categoria\/ntlh063lg-biblia-letra-grande-indice-azaleia\/"},"modified":"2026-04-29T13:53:46","modified_gmt":"2026-04-29T16:53:46","slug":"ntlh063lg-biblia-letra-grande-indice-azaleia","status":"publish","type":"product","link":"https:\/\/www.livrariarema.com.br\/loja\/produtos\/biblias\/ntlh\/ntlh063lg-biblia-letra-grande-indice-azaleia\/","title":{"rendered":"Ntlh063lg &#8211; B\u00edblia &#8211; Letra Grande &#8211; \u00cdndice &#8211; Azal\u00e9ia"},"content":{"rendered":"<p>Na tradu\u00e7\u00e3o Nova Tradu\u00e7\u00e3o na Linguagem de Hoje. <br \/>\nCont\u00e9m um conjunto de recursos como concord\u00e2ncia tem\u00e1tica abreviada, cronologia b\u00edblica, plano anual de leitura da B\u00edblia, palavras de orienta\u00e7\u00e3o e consolo, entre outros, que fazem desta B\u00edblia uma excelente op\u00e7\u00e3o para o dia-a-dia.<\/p>\n","protected":false},"excerpt":{"rendered":"<p>Na tradu\u00e7\u00e3o Nova Tradu\u00e7\u00e3o na Linguagem de Hoje. Cont\u00e9m um conjunto de recursos como concord\u00e2ncia tem\u00e1tica abreviada, cronologia b\u00edblica, plano&hellip;<\/p>\n","protected":false},"featured_media":347573,"comment_status":"open","ping_status":"closed","template":"","meta":[],"product_cat":[139,188],"product_tag":[],"_links":{"self":[{"href":"https:\/\/www.livrariarema.com.br\/loja\/wp-json\/wp\/v2\/product\/213593"}],"collection":[{"href":"https:\/\/www.livrariarema.com.br\/loja\/wp-json\/wp\/v2\/product"}],"about":[{"href":"https:\/\/www.livrariarema.com.br\/loja\/wp-json\/wp\/v2\/types\/product"}],"replies":[{"embeddable":true,"href":"https:\/\/www.livrariarema.com.br\/loja\/wp-json\/wp\/v2\/comments?post=213593"}],"wp:featuredmedia":[{"embeddable":true,"href":"https:\/\/www.livrariarema.com.br\/loja\/wp-json\/wp\/v2\/media\/347573"}],"wp:attachment":[{"href":"https:\/\/www.livrariarema.com.br\/loja\/wp-json\/wp\/v2\/media?parent=213593"}],"wp:term":[{"taxonomy":"product_cat","embeddable":true,"href":"https:\/\/www.livrariarema.com.br\/loja\/wp-json\/wp\/v2\/product_cat?post=213593"},{"taxonomy":"product_tag","embeddable":true,"href":"https:\/\/www.livrariarema.com.br\/loja\/wp-json\/wp\/v2\/product_tag?post=213593"}],"curies":[{"name":"wp","href":"https:\/\/api.w.org\/{rel}","templated":true}]}}