{"id":214173,"date":"2023-02-02T11:02:24","date_gmt":"2023-02-02T14:02:24","guid":{"rendered":"https:\/\/www.livrariarema.com.br\/loja\/produtos\/sem categoria\/arc065lge-biblia-letra-grande-linha-ouro-indice-preta\/"},"modified":"2026-03-31T09:51:02","modified_gmt":"2026-03-31T12:51:02","slug":"arc065lge-biblia-letra-grande-linha-ouro-indice-preta","status":"publish","type":"product","link":"https:\/\/www.livrariarema.com.br\/loja\/produtos\/biblias\/revista-corrigida-biblias\/arc065lge-biblia-letra-grande-linha-ouro-indice-preta\/","title":{"rendered":"Arc065lge &#8211; B\u00edblia Letra Grande &#8211; Linha Ouro &#8211; \u00cdndice &#8211; Preta"},"content":{"rendered":"<p>Esta edi\u00e7\u00e3o da B\u00edblia Sagrada \u00e9 ideal para quem busca conforto na leitura da Palavra de Deus e, ao mesmo tempo, praticidade no uso e transporte di\u00e1rios. Dispon\u00edvel em diversas op\u00e7\u00f5es de capa, com ou sem z\u00edper e \u00edndice impresso. A linha Ouro apresenta material de acabamento de excelente qualidade e papel importado.<\/p>\n","protected":false},"excerpt":{"rendered":"<p>Esta edi\u00e7\u00e3o da B\u00edblia Sagrada \u00e9 ideal para quem busca conforto na leitura da Palavra de Deus e, ao mesmo&hellip;<\/p>\n","protected":false},"featured_media":336876,"comment_status":"open","ping_status":"closed","template":"","meta":[],"product_cat":[139,149],"product_tag":[],"_links":{"self":[{"href":"https:\/\/www.livrariarema.com.br\/loja\/wp-json\/wp\/v2\/product\/214173"}],"collection":[{"href":"https:\/\/www.livrariarema.com.br\/loja\/wp-json\/wp\/v2\/product"}],"about":[{"href":"https:\/\/www.livrariarema.com.br\/loja\/wp-json\/wp\/v2\/types\/product"}],"replies":[{"embeddable":true,"href":"https:\/\/www.livrariarema.com.br\/loja\/wp-json\/wp\/v2\/comments?post=214173"}],"wp:featuredmedia":[{"embeddable":true,"href":"https:\/\/www.livrariarema.com.br\/loja\/wp-json\/wp\/v2\/media\/336876"}],"wp:attachment":[{"href":"https:\/\/www.livrariarema.com.br\/loja\/wp-json\/wp\/v2\/media?parent=214173"}],"wp:term":[{"taxonomy":"product_cat","embeddable":true,"href":"https:\/\/www.livrariarema.com.br\/loja\/wp-json\/wp\/v2\/product_cat?post=214173"},{"taxonomy":"product_tag","embeddable":true,"href":"https:\/\/www.livrariarema.com.br\/loja\/wp-json\/wp\/v2\/product_tag?post=214173"}],"curies":[{"name":"wp","href":"https:\/\/api.w.org\/{rel}","templated":true}]}}