{"id":215258,"date":"2023-02-03T16:49:58","date_gmt":"2023-02-03T19:49:58","guid":{"rendered":"https:\/\/www.livrariarema.com.br\/loja\/produtos\/sem categoria\/aquabook-animais-da-fazenda\/"},"modified":"2026-03-11T13:20:45","modified_gmt":"2026-03-11T16:20:45","slug":"aquabook-animais-da-fazenda","status":"publish","type":"product","link":"https:\/\/www.livrariarema.com.br\/loja\/produtos\/livros\/infantil\/aquabook-animais-da-fazenda\/","title":{"rendered":"Aquabook &#8211; Animais Da Fazenda"},"content":{"rendered":"<p>Divirta-se com os lindos animais da fazenda enquanto colore as p\u00e1ginas deste livro com a caneta especial para descobrir as cenas secretas e encontrar os itens. Depois, \u00e9 s\u00f3 esperar secar e recome\u00e7ar a brincadeira!<\/p>\n","protected":false},"excerpt":{"rendered":"<p>Divirta-se com os lindos animais da fazenda enquanto colore as p\u00e1ginas deste livro com a caneta especial para descobrir as&hellip;<\/p>\n","protected":false},"featured_media":329358,"comment_status":"open","ping_status":"closed","template":"","meta":[],"product_cat":[144,134],"product_tag":[],"_links":{"self":[{"href":"https:\/\/www.livrariarema.com.br\/loja\/wp-json\/wp\/v2\/product\/215258"}],"collection":[{"href":"https:\/\/www.livrariarema.com.br\/loja\/wp-json\/wp\/v2\/product"}],"about":[{"href":"https:\/\/www.livrariarema.com.br\/loja\/wp-json\/wp\/v2\/types\/product"}],"replies":[{"embeddable":true,"href":"https:\/\/www.livrariarema.com.br\/loja\/wp-json\/wp\/v2\/comments?post=215258"}],"wp:featuredmedia":[{"embeddable":true,"href":"https:\/\/www.livrariarema.com.br\/loja\/wp-json\/wp\/v2\/media\/329358"}],"wp:attachment":[{"href":"https:\/\/www.livrariarema.com.br\/loja\/wp-json\/wp\/v2\/media?parent=215258"}],"wp:term":[{"taxonomy":"product_cat","embeddable":true,"href":"https:\/\/www.livrariarema.com.br\/loja\/wp-json\/wp\/v2\/product_cat?post=215258"},{"taxonomy":"product_tag","embeddable":true,"href":"https:\/\/www.livrariarema.com.br\/loja\/wp-json\/wp\/v2\/product_tag?post=215258"}],"curies":[{"name":"wp","href":"https:\/\/api.w.org\/{rel}","templated":true}]}}