{"id":215262,"date":"2023-02-03T16:50:11","date_gmt":"2023-02-03T19:50:11","guid":{"rendered":"https:\/\/www.livrariarema.com.br\/loja\/produtos\/sem categoria\/livro-com-aquarela-patrulha-canina-a-competicao-de-marshall\/"},"modified":"2024-01-09T14:41:47","modified_gmt":"2024-01-09T17:41:47","slug":"livro-com-aquarela-patrulha-canina-a-competicao-de-marshall","status":"publish","type":"product","link":"https:\/\/www.livrariarema.com.br\/loja\/produtos\/livros\/infantil\/livro-com-aquarela-patrulha-canina-a-competicao-de-marshall\/","title":{"rendered":"Livro Com Aquarela &#8211; Patrulha Canina &#8211; A Competi\u00e7\u00e3o De Marshall"},"content":{"rendered":"<p>Marshall queria bater o recorde de filhote bombeiro mais r\u00e1pido do mundo, mas ele se atrapalhou no caminho e precisou de uma ajudinha de seus amigos. Pinte as ilustra\u00e7\u00f5es com aquarela enquanto se diverte com essa leitura!<\/p>\n","protected":false},"excerpt":{"rendered":"<p>Marshall queria bater o recorde de filhote bombeiro mais r\u00e1pido do mundo, mas ele se atrapalhou no caminho e precisou&hellip;<\/p>\n","protected":false},"featured_media":277015,"comment_status":"open","ping_status":"closed","template":"","meta":[],"product_cat":[144,134],"product_tag":[],"_links":{"self":[{"href":"https:\/\/www.livrariarema.com.br\/loja\/wp-json\/wp\/v2\/product\/215262"}],"collection":[{"href":"https:\/\/www.livrariarema.com.br\/loja\/wp-json\/wp\/v2\/product"}],"about":[{"href":"https:\/\/www.livrariarema.com.br\/loja\/wp-json\/wp\/v2\/types\/product"}],"replies":[{"embeddable":true,"href":"https:\/\/www.livrariarema.com.br\/loja\/wp-json\/wp\/v2\/comments?post=215262"}],"wp:featuredmedia":[{"embeddable":true,"href":"https:\/\/www.livrariarema.com.br\/loja\/wp-json\/wp\/v2\/media\/277015"}],"wp:attachment":[{"href":"https:\/\/www.livrariarema.com.br\/loja\/wp-json\/wp\/v2\/media?parent=215262"}],"wp:term":[{"taxonomy":"product_cat","embeddable":true,"href":"https:\/\/www.livrariarema.com.br\/loja\/wp-json\/wp\/v2\/product_cat?post=215262"},{"taxonomy":"product_tag","embeddable":true,"href":"https:\/\/www.livrariarema.com.br\/loja\/wp-json\/wp\/v2\/product_tag?post=215262"}],"curies":[{"name":"wp","href":"https:\/\/api.w.org\/{rel}","templated":true}]}}