{"id":215277,"date":"2023-02-03T16:51:30","date_gmt":"2023-02-03T19:51:30","guid":{"rendered":"https:\/\/www.livrariarema.com.br\/loja\/produtos\/sem categoria\/livro-de-banho-ola-bebe-animais-divertidos\/"},"modified":"2025-10-17T10:31:09","modified_gmt":"2025-10-17T13:31:09","slug":"livro-de-banho-ola-bebe-animais-divertidos","status":"publish","type":"product","link":"https:\/\/www.livrariarema.com.br\/loja\/produtos\/livros\/infantil\/livro-de-banho-ola-bebe-animais-divertidos\/","title":{"rendered":"Livro De Banho &#8211; Ol\u00e1 Beb\u00ea &#8211; Animais Divertidos"},"content":{"rendered":"<p>Diga ol\u00e1 para os seus novos amiguinhos: os animais divertidos. Com a bicharada, sua hora do banho vai ser ainda mais divertida.<\/p>\n","protected":false},"excerpt":{"rendered":"<p>Diga ol\u00e1 para os seus novos amiguinhos: os animais divertidos. Com a bicharada, sua hora do banho vai ser ainda&hellip;<\/p>\n","protected":false},"featured_media":319015,"comment_status":"open","ping_status":"closed","template":"","meta":[],"product_cat":[144,134],"product_tag":[],"_links":{"self":[{"href":"https:\/\/www.livrariarema.com.br\/loja\/wp-json\/wp\/v2\/product\/215277"}],"collection":[{"href":"https:\/\/www.livrariarema.com.br\/loja\/wp-json\/wp\/v2\/product"}],"about":[{"href":"https:\/\/www.livrariarema.com.br\/loja\/wp-json\/wp\/v2\/types\/product"}],"replies":[{"embeddable":true,"href":"https:\/\/www.livrariarema.com.br\/loja\/wp-json\/wp\/v2\/comments?post=215277"}],"wp:featuredmedia":[{"embeddable":true,"href":"https:\/\/www.livrariarema.com.br\/loja\/wp-json\/wp\/v2\/media\/319015"}],"wp:attachment":[{"href":"https:\/\/www.livrariarema.com.br\/loja\/wp-json\/wp\/v2\/media?parent=215277"}],"wp:term":[{"taxonomy":"product_cat","embeddable":true,"href":"https:\/\/www.livrariarema.com.br\/loja\/wp-json\/wp\/v2\/product_cat?post=215277"},{"taxonomy":"product_tag","embeddable":true,"href":"https:\/\/www.livrariarema.com.br\/loja\/wp-json\/wp\/v2\/product_tag?post=215277"}],"curies":[{"name":"wp","href":"https:\/\/api.w.org\/{rel}","templated":true}]}}