{"id":215285,"date":"2023-02-03T16:51:54","date_gmt":"2023-02-03T19:51:54","guid":{"rendered":"https:\/\/www.livrariarema.com.br\/loja\/produtos\/sem categoria\/superacao-augusto-cury\/"},"modified":"2025-12-23T16:32:00","modified_gmt":"2025-12-23T19:32:00","slug":"superacao-augusto-cury","status":"publish","type":"product","link":"https:\/\/www.livrariarema.com.br\/loja\/produtos\/livros\/motivacao\/superacao-augusto-cury\/","title":{"rendered":"Supera\u00e7\u00e3o &#8211; Augusto Cury"},"content":{"rendered":"<p>Voc\u00ea usa a dor para construir, n\u00e3o para destruir? Tem consci\u00eancia de que a vida \u00e9 um grande contrato de risco sem cl\u00e1usulas definidas? Voc\u00ea culpa os outros pelas derrotas? Como encara as adversidades? Se voc\u00ea j\u00e1 se fez alguma dessas perguntas, este livro de Augusto Cury \u00e9 para voc\u00ea. Nele, o autor orienta sobre como superar as dificuldades do dia a dia e transformar cada um dos acontecimentos em uma oportunidade criativa para se superar e ter uma vida melhor.<\/p>\n","protected":false},"excerpt":{"rendered":"<p>Voc\u00ea usa a dor para construir, n\u00e3o para destruir? Tem consci\u00eancia de que a vida \u00e9 um grande contrato de&hellip;<\/p>\n","protected":false},"featured_media":341324,"comment_status":"open","ping_status":"closed","template":"","meta":[],"product_cat":[134,211],"product_tag":[],"_links":{"self":[{"href":"https:\/\/www.livrariarema.com.br\/loja\/wp-json\/wp\/v2\/product\/215285"}],"collection":[{"href":"https:\/\/www.livrariarema.com.br\/loja\/wp-json\/wp\/v2\/product"}],"about":[{"href":"https:\/\/www.livrariarema.com.br\/loja\/wp-json\/wp\/v2\/types\/product"}],"replies":[{"embeddable":true,"href":"https:\/\/www.livrariarema.com.br\/loja\/wp-json\/wp\/v2\/comments?post=215285"}],"wp:featuredmedia":[{"embeddable":true,"href":"https:\/\/www.livrariarema.com.br\/loja\/wp-json\/wp\/v2\/media\/341324"}],"wp:attachment":[{"href":"https:\/\/www.livrariarema.com.br\/loja\/wp-json\/wp\/v2\/media?parent=215285"}],"wp:term":[{"taxonomy":"product_cat","embeddable":true,"href":"https:\/\/www.livrariarema.com.br\/loja\/wp-json\/wp\/v2\/product_cat?post=215285"},{"taxonomy":"product_tag","embeddable":true,"href":"https:\/\/www.livrariarema.com.br\/loja\/wp-json\/wp\/v2\/product_tag?post=215285"}],"curies":[{"name":"wp","href":"https:\/\/api.w.org\/{rel}","templated":true}]}}