{"id":215293,"date":"2023-02-03T16:52:20","date_gmt":"2023-02-03T19:52:20","guid":{"rendered":"https:\/\/www.livrariarema.com.br\/loja\/produtos\/sem categoria\/aquabook-3-palavrinhas-deus-e-nosso-amigo\/"},"modified":"2026-04-04T12:41:21","modified_gmt":"2026-04-04T15:41:21","slug":"aquabook-3-palavrinhas-deus-e-nosso-amigo","status":"publish","type":"product","link":"https:\/\/www.livrariarema.com.br\/loja\/produtos\/livros\/infantil\/aquabook-3-palavrinhas-deus-e-nosso-amigo\/","title":{"rendered":"Aquabook &#8211; 3 Palavrinhas &#8211; Deus \u00c9 Nosso Amigo"},"content":{"rendered":"<p>Livro para colorir usando \u00e1gua. A imagem surge quando a folha \u00e9 pintada com a caneta de \u00e1gua e desaparece minutos depois, possibilitando que o livro seja colorido in\u00fameras vezes.<\/p>\n","protected":false},"excerpt":{"rendered":"<p>Livro para colorir usando \u00e1gua. A imagem surge quando a folha \u00e9 pintada com a caneta de \u00e1gua e desaparece&hellip;<\/p>\n","protected":false},"featured_media":341399,"comment_status":"open","ping_status":"closed","template":"","meta":[],"product_cat":[144,134],"product_tag":[],"_links":{"self":[{"href":"https:\/\/www.livrariarema.com.br\/loja\/wp-json\/wp\/v2\/product\/215293"}],"collection":[{"href":"https:\/\/www.livrariarema.com.br\/loja\/wp-json\/wp\/v2\/product"}],"about":[{"href":"https:\/\/www.livrariarema.com.br\/loja\/wp-json\/wp\/v2\/types\/product"}],"replies":[{"embeddable":true,"href":"https:\/\/www.livrariarema.com.br\/loja\/wp-json\/wp\/v2\/comments?post=215293"}],"wp:featuredmedia":[{"embeddable":true,"href":"https:\/\/www.livrariarema.com.br\/loja\/wp-json\/wp\/v2\/media\/341399"}],"wp:attachment":[{"href":"https:\/\/www.livrariarema.com.br\/loja\/wp-json\/wp\/v2\/media?parent=215293"}],"wp:term":[{"taxonomy":"product_cat","embeddable":true,"href":"https:\/\/www.livrariarema.com.br\/loja\/wp-json\/wp\/v2\/product_cat?post=215293"},{"taxonomy":"product_tag","embeddable":true,"href":"https:\/\/www.livrariarema.com.br\/loja\/wp-json\/wp\/v2\/product_tag?post=215293"}],"curies":[{"name":"wp","href":"https:\/\/api.w.org\/{rel}","templated":true}]}}