{"id":215303,"date":"2023-02-03T17:04:28","date_gmt":"2023-02-03T20:04:28","guid":{"rendered":"https:\/\/www.livrariarema.com.br\/loja\/produtos\/sem categoria\/pais-e-filhos-augusto-cury\/"},"modified":"2026-01-29T13:30:23","modified_gmt":"2026-01-29T16:30:23","slug":"pais-e-filhos-augusto-cury","status":"publish","type":"product","link":"https:\/\/www.livrariarema.com.br\/loja\/produtos\/livros\/motivacao\/pais-e-filhos-augusto-cury\/","title":{"rendered":"Pais E Filhos &#8211; Augusto Cury"},"content":{"rendered":"<p>Voc\u00ea valoriza o essencial ou s\u00f3 se dedica ao trivial? Consegue suprir quem ama com aquilo que o dinheiro n\u00e3o compra? Para desenvolver a arte de dialogar, \u00e9 preciso exercitar a resili\u00eancia, despir-se do hero\u00edsmo e do excesso de argumenta\u00e7\u00e3o e colocar-se como um simples ser humano: consciente de suas limita\u00e7\u00f5es, capaz n\u00e3o apenas de exaltar seus acertos, mas tamb\u00e9m de reconhecer suas falhas. Neste livro, Augusto Cury mostra como desenvolver um di\u00e1logo saud\u00e1vel entre as pessoas e construir uma rela\u00e7\u00e3o prol\u00edfica entre elas.<\/p>\n","protected":false},"excerpt":{"rendered":"<p>Voc\u00ea valoriza o essencial ou s\u00f3 se dedica ao trivial? Consegue suprir quem ama com aquilo que o dinheiro n\u00e3o&hellip;<\/p>\n","protected":false},"featured_media":341541,"comment_status":"open","ping_status":"closed","template":"","meta":[],"product_cat":[134,211],"product_tag":[],"_links":{"self":[{"href":"https:\/\/www.livrariarema.com.br\/loja\/wp-json\/wp\/v2\/product\/215303"}],"collection":[{"href":"https:\/\/www.livrariarema.com.br\/loja\/wp-json\/wp\/v2\/product"}],"about":[{"href":"https:\/\/www.livrariarema.com.br\/loja\/wp-json\/wp\/v2\/types\/product"}],"replies":[{"embeddable":true,"href":"https:\/\/www.livrariarema.com.br\/loja\/wp-json\/wp\/v2\/comments?post=215303"}],"wp:featuredmedia":[{"embeddable":true,"href":"https:\/\/www.livrariarema.com.br\/loja\/wp-json\/wp\/v2\/media\/341541"}],"wp:attachment":[{"href":"https:\/\/www.livrariarema.com.br\/loja\/wp-json\/wp\/v2\/media?parent=215303"}],"wp:term":[{"taxonomy":"product_cat","embeddable":true,"href":"https:\/\/www.livrariarema.com.br\/loja\/wp-json\/wp\/v2\/product_cat?post=215303"},{"taxonomy":"product_tag","embeddable":true,"href":"https:\/\/www.livrariarema.com.br\/loja\/wp-json\/wp\/v2\/product_tag?post=215303"}],"curies":[{"name":"wp","href":"https:\/\/api.w.org\/{rel}","templated":true}]}}