{"id":215318,"date":"2023-02-03T17:05:13","date_gmt":"2023-02-03T20:05:13","guid":{"rendered":"https:\/\/www.livrariarema.com.br\/loja\/produtos\/sem%20categoria\/livro-de-banho-ola-bebe-animais-do-oceano\/"},"modified":"2025-09-25T14:53:45","modified_gmt":"2025-09-25T17:53:45","slug":"livro-de-banho-ola-bebe-animais-do-oceano","status":"publish","type":"product","link":"https:\/\/www.livrariarema.com.br\/loja\/produtos\/livros\/infantil\/livro-de-banho-ola-bebe-animais-do-oceano\/","title":{"rendered":"Livro De Banho &#8211; Ol\u00e1 Beb\u00ea &#8211; Animais Do Oceano"},"content":{"rendered":"<p>Diga &#8220;ol\u00e1&#8221; para os seus novos amiguinhos: os animais do oceano! Com a bicharada, sua hora do banho vai ser ainda mais divertida!<\/p>\n","protected":false},"excerpt":{"rendered":"<p>Diga &#8220;ol\u00e1&#8221; para os seus novos amiguinhos: os animais do oceano! Com a bicharada, sua hora do banho vai ser&hellip;<\/p>\n","protected":false},"featured_media":311573,"comment_status":"open","ping_status":"closed","template":"","meta":[],"product_cat":[144,134],"product_tag":[],"_links":{"self":[{"href":"https:\/\/www.livrariarema.com.br\/loja\/wp-json\/wp\/v2\/product\/215318"}],"collection":[{"href":"https:\/\/www.livrariarema.com.br\/loja\/wp-json\/wp\/v2\/product"}],"about":[{"href":"https:\/\/www.livrariarema.com.br\/loja\/wp-json\/wp\/v2\/types\/product"}],"replies":[{"embeddable":true,"href":"https:\/\/www.livrariarema.com.br\/loja\/wp-json\/wp\/v2\/comments?post=215318"}],"wp:featuredmedia":[{"embeddable":true,"href":"https:\/\/www.livrariarema.com.br\/loja\/wp-json\/wp\/v2\/media\/311573"}],"wp:attachment":[{"href":"https:\/\/www.livrariarema.com.br\/loja\/wp-json\/wp\/v2\/media?parent=215318"}],"wp:term":[{"taxonomy":"product_cat","embeddable":true,"href":"https:\/\/www.livrariarema.com.br\/loja\/wp-json\/wp\/v2\/product_cat?post=215318"},{"taxonomy":"product_tag","embeddable":true,"href":"https:\/\/www.livrariarema.com.br\/loja\/wp-json\/wp\/v2\/product_tag?post=215318"}],"curies":[{"name":"wp","href":"https:\/\/api.w.org\/{rel}","templated":true}]}}