{"id":215322,"date":"2023-02-03T17:05:23","date_gmt":"2023-02-03T20:05:23","guid":{"rendered":"https:\/\/www.livrariarema.com.br\/loja\/produtos\/sem categoria\/livro-lousa-magnetica-aprenda-a-desenhar-historias-da-biblia\/"},"modified":"2024-08-09T10:04:47","modified_gmt":"2024-08-09T13:04:47","slug":"livro-lousa-magnetica-aprenda-a-desenhar-historias-da-biblia","status":"publish","type":"product","link":"https:\/\/www.livrariarema.com.br\/loja\/produtos\/livros\/infantil\/livro-lousa-magnetica-aprenda-a-desenhar-historias-da-biblia\/","title":{"rendered":"Livro Lousa Magn\u00e9tica &#8211; Aprenda A Desenhar Hist\u00f3rias Da B\u00edblia"},"content":{"rendered":"<p>Em Bel\u00e9m, nasceu o menino Jesus, trazendo paz, alegria e muita luz&#8230;Prepare-se para aprender um pouco mais sobre as hist\u00f3rias da B\u00edblia, enquanto se diverte fazendo muitos desenhos nesta lousa m\u00e1gica!<\/p>\n","protected":false},"excerpt":{"rendered":"<p>Em Bel\u00e9m, nasceu o menino Jesus, trazendo paz, alegria e muita luz&#8230;Prepare-se para aprender um pouco mais sobre as hist\u00f3rias&hellip;<\/p>\n","protected":false},"featured_media":310350,"comment_status":"open","ping_status":"closed","template":"","meta":[],"product_cat":[144,134],"product_tag":[],"_links":{"self":[{"href":"https:\/\/www.livrariarema.com.br\/loja\/wp-json\/wp\/v2\/product\/215322"}],"collection":[{"href":"https:\/\/www.livrariarema.com.br\/loja\/wp-json\/wp\/v2\/product"}],"about":[{"href":"https:\/\/www.livrariarema.com.br\/loja\/wp-json\/wp\/v2\/types\/product"}],"replies":[{"embeddable":true,"href":"https:\/\/www.livrariarema.com.br\/loja\/wp-json\/wp\/v2\/comments?post=215322"}],"wp:featuredmedia":[{"embeddable":true,"href":"https:\/\/www.livrariarema.com.br\/loja\/wp-json\/wp\/v2\/media\/310350"}],"wp:attachment":[{"href":"https:\/\/www.livrariarema.com.br\/loja\/wp-json\/wp\/v2\/media?parent=215322"}],"wp:term":[{"taxonomy":"product_cat","embeddable":true,"href":"https:\/\/www.livrariarema.com.br\/loja\/wp-json\/wp\/v2\/product_cat?post=215322"},{"taxonomy":"product_tag","embeddable":true,"href":"https:\/\/www.livrariarema.com.br\/loja\/wp-json\/wp\/v2\/product_tag?post=215322"}],"curies":[{"name":"wp","href":"https:\/\/api.w.org\/{rel}","templated":true}]}}