{"id":216489,"date":"2023-02-09T17:47:31","date_gmt":"2023-02-09T20:47:31","guid":{"rendered":"https:\/\/www.livrariarema.com.br\/loja\/produtos\/sem categoria\/livro-com-aquarela-a-criacao\/"},"modified":"2026-01-16T18:32:12","modified_gmt":"2026-01-16T21:32:12","slug":"livro-com-aquarela-a-criacao","status":"publish","type":"product","link":"https:\/\/www.livrariarema.com.br\/loja\/produtos\/livros\/infantil\/livro-com-aquarela-a-criacao\/","title":{"rendered":"Livro Com Aquarela &#8211; A Cria\u00e7\u00e3o"},"content":{"rendered":"<p>Livro com aquarela, voc\u00ea ser\u00e1 convidado a mergulhar no in\u00edcio da B\u00edblia, colorindo os desenhos que ilustram os dias em que Deus criou o mundo.<\/p>\n","protected":false},"excerpt":{"rendered":"<p>Livro com aquarela, voc\u00ea ser\u00e1 convidado a mergulhar no in\u00edcio da B\u00edblia, colorindo os desenhos que ilustram os dias em&hellip;<\/p>\n","protected":false},"featured_media":310741,"comment_status":"open","ping_status":"closed","template":"","meta":[],"product_cat":[144,134],"product_tag":[],"_links":{"self":[{"href":"https:\/\/www.livrariarema.com.br\/loja\/wp-json\/wp\/v2\/product\/216489"}],"collection":[{"href":"https:\/\/www.livrariarema.com.br\/loja\/wp-json\/wp\/v2\/product"}],"about":[{"href":"https:\/\/www.livrariarema.com.br\/loja\/wp-json\/wp\/v2\/types\/product"}],"replies":[{"embeddable":true,"href":"https:\/\/www.livrariarema.com.br\/loja\/wp-json\/wp\/v2\/comments?post=216489"}],"wp:featuredmedia":[{"embeddable":true,"href":"https:\/\/www.livrariarema.com.br\/loja\/wp-json\/wp\/v2\/media\/310741"}],"wp:attachment":[{"href":"https:\/\/www.livrariarema.com.br\/loja\/wp-json\/wp\/v2\/media?parent=216489"}],"wp:term":[{"taxonomy":"product_cat","embeddable":true,"href":"https:\/\/www.livrariarema.com.br\/loja\/wp-json\/wp\/v2\/product_cat?post=216489"},{"taxonomy":"product_tag","embeddable":true,"href":"https:\/\/www.livrariarema.com.br\/loja\/wp-json\/wp\/v2\/product_tag?post=216489"}],"curies":[{"name":"wp","href":"https:\/\/api.w.org\/{rel}","templated":true}]}}